{"id":642,"date":"2016-09-27T10:09:10","date_gmt":"2016-09-27T07:09:10","guid":{"rendered":"http:\/\/yourshelf.eu\/tuote\/hylly-49-250x184cm-chili\/"},"modified":"2025-05-30T11:28:17","modified_gmt":"2025-05-30T08:28:17","slug":"hylly-49-250x184cm-chili","status":"publish","type":"product","link":"https:\/\/www.yourshelf.eu\/et\/shop\/hylly-49-250x184cm-chili\/","title":{"rendered":"Mediahylly 4\/9 250x184cm Chili"},"content":{"rendered":"<p>Hyllyj\u00e4: 4<br \/>\nPystyp\u00e4\u00e4tyj\u00e4: 9<br \/>\nViimeistely\u00f6ljyn s\u00e4vy: Chili 3460<br \/>\nLeveys: 184cm<br \/>\nKorkeus: 250cm<br \/>\nSyvyys: 19.5cm<br \/>\nHyllylevyn paksuus: 2cm<br \/>\nHyllytolpan paksuus: 3cm<br \/>\n<a href=\"https:\/\/yourshelf.eu\/suunnittele-hyllysi\/#k=L1490022*3460*u!v|v!v|v!v|v!v|v!v|v!r|i!r|v!v|v!v|v!v*44|44|44|44!28|26|26|26|21|26|26|15|33|7*0*14\">Muokkaa hyllyn muotoa ja v\u00e4rej\u00e4 hyllynsuunnitteluohjelmalla\u2026<\/a><\/p>\n<p>Ohuelle TV-hyllylle ja mediahyllylle mahtuvat TV, kaiuttimet, DVD-levyt, mediasoitin.<\/p>\n<p>Viimeistelem\u00e4t\u00f6n hylly on 20 % edullisempi &#8211; voit itse lakata tai \u00f6ljyt\u00e4.<br \/>\nHylly toimitetaan osissa.<br \/>\nValmistettu Virossa. Kokopuu<\/p>\n<div>\u00a0Voit valita \u00f6ljyn s\u00e4vyn,\u00a0<a href=\"https:\/\/yourshelf.eu\/wp-content\/uploads\/2025\/05\/colors-fin.jpeg\">katso v\u00e4rikarttaa\u2026<\/a>\u00a0, oikea puu ei kuitenkaan v\u00e4ltt\u00e4m\u00e4tt\u00e4 j\u00e4\u00e4 samanlaiseksi kuin n\u00e4yt\u00f6ll\u00e4.<\/div>\n<p>S\u00e4vytetty \u00f6ljy ei peit\u00e4 puuta niinkuin petsi, \u00f6ljytess\u00e4 tummat s\u00e4vyt j\u00e4\u00e4v\u00e4t vaaleammiksi kuin v\u00e4rikartalla.<\/p>\n<p>Jos haluat hyllyn tolppien ylettyv\u00e4n kattoon asti, sy\u00f6t\u00e4 korkeus huomioitavaa-kentt\u00e4\u00e4n. Suosittelemme korkeuden ilmoittamista 1-2 cm oikeasta katon korkeudesta matalampana, jotta se mahtuisi asennettaessa.<\/p>\n","protected":false},"excerpt":{"rendered":"<p><a href=\"https:\/\/yourshelf.eu\/suunnittele-hyllysi\/#k=L1490022*3460*u!v|v!v|v!v|v!v|v!v|v!r|i!r|v!v|v!v|v!v*44|44|44|44!28|26|26|26|21|26|26|15|33|7*0*14\">Muokkaa tuotetta&#8230;<\/a><\/p>\n","protected":false},"featured_media":644,"comment_status":"closed","ping_status":"closed","template":"","meta":{"_uag_custom_page_level_css":"","site-sidebar-layout":"default","site-content-layout":"","ast-site-content-layout":"default","site-content-style":"default","site-sidebar-style":"default","ast-global-header-display":"","ast-banner-title-visibility":"","ast-main-header-display":"","ast-hfb-above-header-display":"","ast-hfb-below-header-display":"","ast-hfb-mobile-header-display":"","site-post-title":"","ast-breadcrumbs-content":"","ast-featured-img":"","footer-sml-layout":"","theme-transparent-header-meta":"default","adv-header-id-meta":"","stick-header-meta":"default","header-above-stick-meta":"","header-main-stick-meta":"","header-below-stick-meta":"","astra-migrate-meta-layouts":"set","ast-page-background-enabled":"default","ast-page-background-meta":{"desktop":{"background-color":"var(--ast-global-color-4)","background-image":"","background-repeat":"repeat","background-position":"center center","background-size":"auto","background-attachment":"scroll","background-type":"","background-media":"","overlay-type":"","overlay-color":"","overlay-opacity":"","overlay-gradient":""},"tablet":{"background-color":"","background-image":"","background-repeat":"repeat","background-position":"center center","background-size":"auto","background-attachment":"scroll","background-type":"","background-media":"","overlay-type":"","overlay-color":"","overlay-opacity":"","overlay-gradient":""},"mobile":{"background-color":"","background-image":"","background-repeat":"repeat","background-position":"center center","background-size":"auto","background-attachment":"scroll","background-type":"","background-media":"","overlay-type":"","overlay-color":"","overlay-opacity":"","overlay-gradient":""}},"ast-content-background-meta":{"desktop":{"background-color":"var(--ast-global-color-5)","background-image":"","background-repeat":"repeat","background-position":"center center","background-size":"auto","background-attachment":"scroll","background-type":"","background-media":"","overlay-type":"","overlay-color":"","overlay-opacity":"","overlay-gradient":""},"tablet":{"background-color":"var(--ast-global-color-5)","background-image":"","background-repeat":"repeat","background-position":"center center","background-size":"auto","background-attachment":"scroll","background-type":"","background-media":"","overlay-type":"","overlay-color":"","overlay-opacity":"","overlay-gradient":""},"mobile":{"background-color":"var(--ast-global-color-5)","background-image":"","background-repeat":"repeat","background-position":"center center","background-size":"auto","background-attachment":"scroll","background-type":"","background-media":"","overlay-type":"","overlay-color":"","overlay-opacity":"","overlay-gradient":""}}},"product_brand":[],"product_cat":[32,33],"product_tag":[],"class_list":{"0":"post-642","1":"product","2":"type-product","3":"status-publish","4":"has-post-thumbnail","6":"product_cat-dvd-cd-hyllyt","7":"product_cat-led-hyllyt","8":"desktop-align-center","9":"tablet-align-left","10":"mobile-align-left","11":"ast-product-gallery-layout-horizontal-slider","12":"ast-product-tabs-layout-accordion","14":"first","15":"instock","16":"shipping-taxable","17":"purchasable","18":"product-type-simple"},"uagb_featured_image_src":{"full":["https:\/\/www.yourshelf.eu\/wp-content\/uploads\/2016\/09\/Mediahylly-4_9-Chili.png",617,535,false],"thumbnail":["https:\/\/www.yourshelf.eu\/wp-content\/uploads\/2016\/09\/Mediahylly-4_9-Chili-200x200.png",200,200,true],"medium":["https:\/\/www.yourshelf.eu\/wp-content\/uploads\/2016\/09\/Mediahylly-4_9-Chili-300x260.png",300,260,true],"medium_large":["https:\/\/www.yourshelf.eu\/wp-content\/uploads\/2016\/09\/Mediahylly-4_9-Chili.png",617,535,false],"large":["https:\/\/www.yourshelf.eu\/wp-content\/uploads\/2016\/09\/Mediahylly-4_9-Chili.png",617,535,false],"1536x1536":["https:\/\/www.yourshelf.eu\/wp-content\/uploads\/2016\/09\/Mediahylly-4_9-Chili.png",617,535,false],"2048x2048":["https:\/\/www.yourshelf.eu\/wp-content\/uploads\/2016\/09\/Mediahylly-4_9-Chili.png",617,535,false],"woocommerce_thumbnail":["https:\/\/www.yourshelf.eu\/wp-content\/uploads\/2016\/09\/Mediahylly-4_9-Chili-340x340.png",340,340,true],"woocommerce_single":["https:\/\/www.yourshelf.eu\/wp-content\/uploads\/2016\/09\/Mediahylly-4_9-Chili-500x434.png",500,434,true],"woocommerce_gallery_thumbnail":["https:\/\/www.yourshelf.eu\/wp-content\/uploads\/2016\/09\/Mediahylly-4_9-Chili-100x100.png",100,100,true]},"uagb_author_info":{"display_name":"Mait Vilbiks","author_link":"https:\/\/www.yourshelf.eu\/et\/author\/"},"uagb_comment_info":0,"uagb_excerpt":"Muokkaa tuotetta...","_links":{"self":[{"href":"https:\/\/www.yourshelf.eu\/et\/wp-json\/wp\/v2\/product\/642","targetHints":{"allow":["GET"]}}],"collection":[{"href":"https:\/\/www.yourshelf.eu\/et\/wp-json\/wp\/v2\/product"}],"about":[{"href":"https:\/\/www.yourshelf.eu\/et\/wp-json\/wp\/v2\/types\/product"}],"replies":[{"embeddable":true,"href":"https:\/\/www.yourshelf.eu\/et\/wp-json\/wp\/v2\/comments?post=642"}],"wp:featuredmedia":[{"embeddable":true,"href":"https:\/\/www.yourshelf.eu\/et\/wp-json\/wp\/v2\/media\/644"}],"wp:attachment":[{"href":"https:\/\/www.yourshelf.eu\/et\/wp-json\/wp\/v2\/media?parent=642"}],"wp:term":[{"taxonomy":"product_brand","embeddable":true,"href":"https:\/\/www.yourshelf.eu\/et\/wp-json\/wp\/v2\/product_brand?post=642"},{"taxonomy":"product_cat","embeddable":true,"href":"https:\/\/www.yourshelf.eu\/et\/wp-json\/wp\/v2\/product_cat?post=642"},{"taxonomy":"product_tag","embeddable":true,"href":"https:\/\/www.yourshelf.eu\/et\/wp-json\/wp\/v2\/product_tag?post=642"}],"curies":[{"name":"wp","href":"https:\/\/api.w.org\/{rel}","templated":true}]}}