{"id":4488,"date":"2025-05-13T11:14:49","date_gmt":"2025-05-13T08:14:49","guid":{"rendered":"https:\/\/yourshelf.eu\/shop\/kirjahylly-5-8-210x228cm-tammi-2\/"},"modified":"2025-05-30T11:17:53","modified_gmt":"2025-05-30T08:17:53","slug":"kirjahylly-5-8-210x228cm-tammi-2","status":"publish","type":"product","link":"https:\/\/www.yourshelf.eu\/et\/shop\/kirjahylly-5-8-210x228cm-tammi-2\/","title":{"rendered":"Kirjahylly 5\/8 210x228cm Tammi"},"content":{"rendered":"<p>Pystyosia: 5<br \/>\nHyllylevyj\u00e4: 8<br \/>\nViimeistely\u00f6ljyn s\u00e4vy: Tammi 1518<br \/>\nLeveys: 228cm<br \/>\nKorkeus: 210cm<br \/>\nSyvyys: 19.5 cm<br \/>\nHyllylevyn paksuus: 2cm<br \/>\nHyllytolpan paksuus: 3cm<br \/>\n<a href=\"https:\/\/yourshelf.eu\/suunnittele-hyllysi\/#k=L1580023*1518*u!0|1q!1r|1q!1r|1q!1r|1q!1r|1q!1r|1q!1r|1q!1r|1q!1r*44|44|44|44|44!0|26|26|26|26|26|26|33|7*0*62\">Muokkaa hyllyn muotoa ja v\u00e4rej\u00e4 hyllynsuunnitteluohjelmalla&#8230;<\/a><\/p>\n<p>Viimeistelem\u00e4t\u00f6n hylly on 20 % edullisempi &#8211; voit itse lakata tai \u00f6ljyt\u00e4.<br \/>\nHylly toimitetaan osissa.<br \/>\nValmistettu Virossa. Kokopuu<\/p>\n<div>\u00a0Voit valita \u00f6ljyn s\u00e4vyn,\u00a0<a href=\"https:\/\/yourshelf.eu\/wp-content\/uploads\/2025\/05\/colors-fin.jpeg\">katso v\u00e4rikarttaa\u2026<\/a>\u00a0, oikea puu ei kuitenkaan v\u00e4ltt\u00e4m\u00e4tt\u00e4 j\u00e4\u00e4 samanlaiseksi kuin n\u00e4yt\u00f6ll\u00e4.<\/div>\n<p>S\u00e4vytetty \u00f6ljy ei peit\u00e4 puuta niinkuin petsi, \u00f6ljytess\u00e4 tummat s\u00e4vyt j\u00e4\u00e4v\u00e4t vaaleammiksi kuin v\u00e4rikartalla.<\/p>\n<p>Jos haluat hyllyn tolppien ylettyv\u00e4n kattoon asti, sy\u00f6t\u00e4 korkeus huomioitavaa-kentt\u00e4\u00e4n. Suosittelemme korkeuden ilmoittamista 1-2 cm oikeasta katon korkeudesta matalampana, jotta se mahtuisi asennettaessa.<\/p>\n","protected":false},"excerpt":{"rendered":"<p><a href=\"https:\/\/yourshelf.eu\/suunnittele-hyllysi\/#k=L1580023*1518*u!0|1q!1r|1q!1r|1q!1r|1q!1r|1q!1r|1q!1r|1q!1r|1q!1r*44|44|44|44|44!0|26|26|26|26|26|26|33|7*0*62\">Muokkaa tuotetta&#8230;<\/a><\/p>\n","protected":false},"featured_media":4489,"comment_status":"open","ping_status":"closed","template":"","meta":{"_uag_custom_page_level_css":"","site-sidebar-layout":"default","site-content-layout":"","ast-site-content-layout":"default","site-content-style":"default","site-sidebar-style":"default","ast-global-header-display":"","ast-banner-title-visibility":"","ast-main-header-display":"","ast-hfb-above-header-display":"","ast-hfb-below-header-display":"","ast-hfb-mobile-header-display":"","site-post-title":"","ast-breadcrumbs-content":"","ast-featured-img":"","footer-sml-layout":"","theme-transparent-header-meta":"default","adv-header-id-meta":"","stick-header-meta":"default","header-above-stick-meta":"","header-main-stick-meta":"","header-below-stick-meta":"","astra-migrate-meta-layouts":"set","ast-page-background-enabled":"default","ast-page-background-meta":{"desktop":{"background-color":"var(--ast-global-color-4)","background-image":"","background-repeat":"repeat","background-position":"center center","background-size":"auto","background-attachment":"scroll","background-type":"","background-media":"","overlay-type":"","overlay-color":"","overlay-opacity":"","overlay-gradient":""},"tablet":{"background-color":"","background-image":"","background-repeat":"repeat","background-position":"center center","background-size":"auto","background-attachment":"scroll","background-type":"","background-media":"","overlay-type":"","overlay-color":"","overlay-opacity":"","overlay-gradient":""},"mobile":{"background-color":"","background-image":"","background-repeat":"repeat","background-position":"center center","background-size":"auto","background-attachment":"scroll","background-type":"","background-media":"","overlay-type":"","overlay-color":"","overlay-opacity":"","overlay-gradient":""}},"ast-content-background-meta":{"desktop":{"background-color":"var(--ast-global-color-5)","background-image":"","background-repeat":"repeat","background-position":"center center","background-size":"auto","background-attachment":"scroll","background-type":"","background-media":"","overlay-type":"","overlay-color":"","overlay-opacity":"","overlay-gradient":""},"tablet":{"background-color":"var(--ast-global-color-5)","background-image":"","background-repeat":"repeat","background-position":"center center","background-size":"auto","background-attachment":"scroll","background-type":"","background-media":"","overlay-type":"","overlay-color":"","overlay-opacity":"","overlay-gradient":""},"mobile":{"background-color":"var(--ast-global-color-5)","background-image":"","background-repeat":"repeat","background-position":"center center","background-size":"auto","background-attachment":"scroll","background-type":"","background-media":"","overlay-type":"","overlay-color":"","overlay-opacity":"","overlay-gradient":""}}},"product_brand":[],"product_cat":[12,8,10],"product_tag":[],"class_list":{"0":"post-4488","1":"product","2":"type-product","3":"status-publish","4":"has-post-thumbnail","6":"product_cat-asiakas-suunnitellut","7":"product_cat-kirjahyllyt","8":"product_cat-featured","9":"desktop-align-center","10":"tablet-align-left","11":"mobile-align-left","12":"ast-product-gallery-layout-horizontal-slider","13":"ast-product-tabs-layout-accordion","15":"first","16":"instock","17":"shipping-taxable","18":"purchasable","19":"product-type-simple"},"uagb_featured_image_src":{"full":["https:\/\/www.yourshelf.eu\/wp-content\/uploads\/2025\/05\/hele-tamm-riiul-58.png",1159,1606,false],"thumbnail":["https:\/\/www.yourshelf.eu\/wp-content\/uploads\/2025\/05\/hele-tamm-riiul-58-300x300.png",300,300,true],"medium":["https:\/\/www.yourshelf.eu\/wp-content\/uploads\/2025\/05\/hele-tamm-riiul-58-361x500.png",361,500,true],"medium_large":["https:\/\/www.yourshelf.eu\/wp-content\/uploads\/2025\/05\/hele-tamm-riiul-58-768x1064.png",768,1064,true],"large":["https:\/\/www.yourshelf.eu\/wp-content\/uploads\/2025\/05\/hele-tamm-riiul-58-739x1024.png",739,1024,true],"1536x1536":["https:\/\/www.yourshelf.eu\/wp-content\/uploads\/2025\/05\/hele-tamm-riiul-58-1108x1536.png",1108,1536,true],"2048x2048":["https:\/\/www.yourshelf.eu\/wp-content\/uploads\/2025\/05\/hele-tamm-riiul-58.png",1159,1606,false],"woocommerce_thumbnail":["https:\/\/www.yourshelf.eu\/wp-content\/uploads\/2025\/05\/hele-tamm-riiul-58-340x340.png",340,340,true],"woocommerce_single":["https:\/\/www.yourshelf.eu\/wp-content\/uploads\/2025\/05\/hele-tamm-riiul-58-500x693.png",500,693,true],"woocommerce_gallery_thumbnail":["https:\/\/www.yourshelf.eu\/wp-content\/uploads\/2025\/05\/hele-tamm-riiul-58-100x100.png",100,100,true]},"uagb_author_info":{"display_name":"Mario Vilbiks","author_link":"https:\/\/www.yourshelf.eu\/et\/author\/"},"uagb_comment_info":0,"uagb_excerpt":"Muokkaa tuotetta...","_links":{"self":[{"href":"https:\/\/www.yourshelf.eu\/et\/wp-json\/wp\/v2\/product\/4488","targetHints":{"allow":["GET"]}}],"collection":[{"href":"https:\/\/www.yourshelf.eu\/et\/wp-json\/wp\/v2\/product"}],"about":[{"href":"https:\/\/www.yourshelf.eu\/et\/wp-json\/wp\/v2\/types\/product"}],"replies":[{"embeddable":true,"href":"https:\/\/www.yourshelf.eu\/et\/wp-json\/wp\/v2\/comments?post=4488"}],"wp:featuredmedia":[{"embeddable":true,"href":"https:\/\/www.yourshelf.eu\/et\/wp-json\/wp\/v2\/media\/4489"}],"wp:attachment":[{"href":"https:\/\/www.yourshelf.eu\/et\/wp-json\/wp\/v2\/media?parent=4488"}],"wp:term":[{"taxonomy":"product_brand","embeddable":true,"href":"https:\/\/www.yourshelf.eu\/et\/wp-json\/wp\/v2\/product_brand?post=4488"},{"taxonomy":"product_cat","embeddable":true,"href":"https:\/\/www.yourshelf.eu\/et\/wp-json\/wp\/v2\/product_cat?post=4488"},{"taxonomy":"product_tag","embeddable":true,"href":"https:\/\/www.yourshelf.eu\/et\/wp-json\/wp\/v2\/product_tag?post=4488"}],"curies":[{"name":"wp","href":"https:\/\/api.w.org\/{rel}","templated":true}]}}