{"id":4469,"date":"2025-05-09T11:51:34","date_gmt":"2025-05-09T08:51:34","guid":{"rendered":"https:\/\/yourshelf.eu\/shop\/kirjahylly-5-8-238x211cm-tiikkimetsa\/"},"modified":"2025-05-30T11:18:33","modified_gmt":"2025-05-30T08:18:33","slug":"kirjahylly-5-8-238x211cm-tiikkimetsa","status":"publish","type":"product","link":"https:\/\/www.yourshelf.eu\/et\/shop\/kirjahylly-5-8-238x211cm-tiikkimetsa\/","title":{"rendered":"Kirjahylly 5\/8 238x211cm Tiikkimets\u00e4"},"content":{"rendered":"<p>Pystyosia: 5<br \/>\nHyllylevyj\u00e4: 8<br \/>\nViimeistely\u00f6ljyn s\u00e4vy: Tiikkimets\u00e4 3442<br \/>\nLeveys: 211cm<br \/>\nKorkeus: 238cm<br \/>\nSyvyys: 19.5 cm<br \/>\nHyllylevyn paksuus: 2cm<br \/>\nHyllytolpan paksuus: 3cm<br \/>\n<a href=\"https:\/\/yourshelf.eu\/suunnittele-hyllysi\/#k=L1580013*3442*1q!1r|1g!1r|1q!1r|16!1r|1q!1f|0!1f|1q!1r|s!1r|1q!1r*40.7|40.7|40.7|40.7|40.7!20.5|24|24|24|37|37|19|32|7*0*94\">Muokkaa hyllyn muotoa ja v\u00e4rej\u00e4 hyllynsuunnitteluohjelmalla&#8230;<\/a><\/p>\n<p>Viimeistelem\u00e4t\u00f6n hylly on 20 % edullisempi &#8211; voit itse lakata tai \u00f6ljyt\u00e4.<br \/>\nHylly toimitetaan osissa.<br \/>\nValmistettu Virossa. Kokopuu<\/p>\n<div>\u00a0Voit valita \u00f6ljyn s\u00e4vyn,\u00a0<a href=\"https:\/\/yourshelf.eu\/wp-content\/uploads\/2025\/05\/colors-fin.jpeg\">katso v\u00e4rikarttaa\u2026<\/a>\u00a0, oikea puu ei kuitenkaan v\u00e4ltt\u00e4m\u00e4tt\u00e4 j\u00e4\u00e4 samanlaiseksi kuin n\u00e4yt\u00f6ll\u00e4.<\/div>\n<p>S\u00e4vytetty \u00f6ljy ei peit\u00e4 puuta niinkuin petsi, \u00f6ljytess\u00e4 tummat s\u00e4vyt j\u00e4\u00e4v\u00e4t vaaleammiksi kuin v\u00e4rikartalla.<\/p>\n<p>Kysy meilt\u00e4 n\u00e4ytett\u00e4 tai katso s\u00e4vyn\u00e4ytteit\u00e4 Tikkurilan liikkeess\u00e4.<\/p>\n<p>Jos haluat hyllyn tolppien ylettyv\u00e4n kattoon asti, sy\u00f6t\u00e4 korkeus huomioitavaa-kentt\u00e4\u00e4n. Suosittelemme korkeuden ilmoittamista 1-2 cm oikeasta katon korkeudesta matalampana, jotta se mahtuisi asennettaessa.<\/p>\n","protected":false},"excerpt":{"rendered":"<p><a href=\"https:\/\/yourshelf.eu\/suunnittele-hyllysi\/#k=L1580013*3442*1q!1r|1g!1r|1q!1r|16!1r|1q!1f|0!1f|1q!1r|s!1r|1q!1r*40.7|40.7|40.7|40.7|40.7!20.5|24|24|24|37|37|19|32|7*0*94\">Muokkaa tuotetta&#8230;<\/a><\/p>\n","protected":false},"featured_media":4470,"comment_status":"open","ping_status":"closed","template":"","meta":{"_uag_custom_page_level_css":"","site-sidebar-layout":"default","site-content-layout":"","ast-site-content-layout":"default","site-content-style":"default","site-sidebar-style":"default","ast-global-header-display":"","ast-banner-title-visibility":"","ast-main-header-display":"","ast-hfb-above-header-display":"","ast-hfb-below-header-display":"","ast-hfb-mobile-header-display":"","site-post-title":"","ast-breadcrumbs-content":"","ast-featured-img":"","footer-sml-layout":"","theme-transparent-header-meta":"default","adv-header-id-meta":"","stick-header-meta":"default","header-above-stick-meta":"","header-main-stick-meta":"","header-below-stick-meta":"","astra-migrate-meta-layouts":"set","ast-page-background-enabled":"default","ast-page-background-meta":{"desktop":{"background-color":"var(--ast-global-color-4)","background-image":"","background-repeat":"repeat","background-position":"center center","background-size":"auto","background-attachment":"scroll","background-type":"","background-media":"","overlay-type":"","overlay-color":"","overlay-opacity":"","overlay-gradient":""},"tablet":{"background-color":"","background-image":"","background-repeat":"repeat","background-position":"center center","background-size":"auto","background-attachment":"scroll","background-type":"","background-media":"","overlay-type":"","overlay-color":"","overlay-opacity":"","overlay-gradient":""},"mobile":{"background-color":"","background-image":"","background-repeat":"repeat","background-position":"center center","background-size":"auto","background-attachment":"scroll","background-type":"","background-media":"","overlay-type":"","overlay-color":"","overlay-opacity":"","overlay-gradient":""}},"ast-content-background-meta":{"desktop":{"background-color":"var(--ast-global-color-5)","background-image":"","background-repeat":"repeat","background-position":"center center","background-size":"auto","background-attachment":"scroll","background-type":"","background-media":"","overlay-type":"","overlay-color":"","overlay-opacity":"","overlay-gradient":""},"tablet":{"background-color":"var(--ast-global-color-5)","background-image":"","background-repeat":"repeat","background-position":"center center","background-size":"auto","background-attachment":"scroll","background-type":"","background-media":"","overlay-type":"","overlay-color":"","overlay-opacity":"","overlay-gradient":""},"mobile":{"background-color":"var(--ast-global-color-5)","background-image":"","background-repeat":"repeat","background-position":"center center","background-size":"auto","background-attachment":"scroll","background-type":"","background-media":"","overlay-type":"","overlay-color":"","overlay-opacity":"","overlay-gradient":""}}},"product_brand":[],"product_cat":[12,8,33,10],"product_tag":[],"class_list":{"0":"post-4469","1":"product","2":"type-product","3":"status-publish","4":"has-post-thumbnail","6":"product_cat-asiakas-suunnitellut","7":"product_cat-kirjahyllyt","8":"product_cat-led-hyllyt","9":"product_cat-featured","10":"desktop-align-center","11":"tablet-align-left","12":"mobile-align-left","13":"ast-product-gallery-layout-horizontal-slider","14":"ast-product-tabs-layout-accordion","16":"first","17":"instock","18":"shipping-taxable","19":"purchasable","20":"product-type-simple"},"uagb_featured_image_src":{"full":["https:\/\/www.yourshelf.eu\/wp-content\/uploads\/2025\/05\/Kodasema-otse-1.jpeg",1523,1637,false],"thumbnail":["https:\/\/www.yourshelf.eu\/wp-content\/uploads\/2025\/05\/Kodasema-otse-1-300x300.jpeg",300,300,true],"medium":["https:\/\/www.yourshelf.eu\/wp-content\/uploads\/2025\/05\/Kodasema-otse-1-465x500.jpeg",465,500,true],"medium_large":["https:\/\/www.yourshelf.eu\/wp-content\/uploads\/2025\/05\/Kodasema-otse-1-768x825.jpeg",768,825,true],"large":["https:\/\/www.yourshelf.eu\/wp-content\/uploads\/2025\/05\/Kodasema-otse-1-953x1024.jpeg",953,1024,true],"1536x1536":["https:\/\/www.yourshelf.eu\/wp-content\/uploads\/2025\/05\/Kodasema-otse-1-1429x1536.jpeg",1429,1536,true],"2048x2048":["https:\/\/www.yourshelf.eu\/wp-content\/uploads\/2025\/05\/Kodasema-otse-1.jpeg",1523,1637,false],"woocommerce_thumbnail":["https:\/\/www.yourshelf.eu\/wp-content\/uploads\/2025\/05\/Kodasema-otse-1-340x340.jpeg",340,340,true],"woocommerce_single":["https:\/\/www.yourshelf.eu\/wp-content\/uploads\/2025\/05\/Kodasema-otse-1-500x537.jpeg",500,537,true],"woocommerce_gallery_thumbnail":["https:\/\/www.yourshelf.eu\/wp-content\/uploads\/2025\/05\/Kodasema-otse-1-100x100.jpeg",100,100,true]},"uagb_author_info":{"display_name":"Mario Vilbiks","author_link":"https:\/\/www.yourshelf.eu\/et\/author\/"},"uagb_comment_info":0,"uagb_excerpt":"Muokkaa tuotetta...","_links":{"self":[{"href":"https:\/\/www.yourshelf.eu\/et\/wp-json\/wp\/v2\/product\/4469","targetHints":{"allow":["GET"]}}],"collection":[{"href":"https:\/\/www.yourshelf.eu\/et\/wp-json\/wp\/v2\/product"}],"about":[{"href":"https:\/\/www.yourshelf.eu\/et\/wp-json\/wp\/v2\/types\/product"}],"replies":[{"embeddable":true,"href":"https:\/\/www.yourshelf.eu\/et\/wp-json\/wp\/v2\/comments?post=4469"}],"wp:featuredmedia":[{"embeddable":true,"href":"https:\/\/www.yourshelf.eu\/et\/wp-json\/wp\/v2\/media\/4470"}],"wp:attachment":[{"href":"https:\/\/www.yourshelf.eu\/et\/wp-json\/wp\/v2\/media?parent=4469"}],"wp:term":[{"taxonomy":"product_brand","embeddable":true,"href":"https:\/\/www.yourshelf.eu\/et\/wp-json\/wp\/v2\/product_brand?post=4469"},{"taxonomy":"product_cat","embeddable":true,"href":"https:\/\/www.yourshelf.eu\/et\/wp-json\/wp\/v2\/product_cat?post=4469"},{"taxonomy":"product_tag","embeddable":true,"href":"https:\/\/www.yourshelf.eu\/et\/wp-json\/wp\/v2\/product_tag?post=4469"}],"curies":[{"name":"wp","href":"https:\/\/api.w.org\/{rel}","templated":true}]}}