{"id":4306,"date":"2024-05-20T14:01:04","date_gmt":"2024-05-20T11:12:55","guid":{"rendered":"https:\/\/yourshelf.eu\/shop\/raamaturiiul-3-7-208x140cm-mahagon\/"},"modified":"2024-05-20T14:12:55","modified_gmt":"2024-05-20T11:12:55","slug":"raamaturiiul-3-7-208x140cm-mahagon","status":"publish","type":"product","link":"https:\/\/www.yourshelf.eu\/et\/shop\/raamaturiiul-3-7-208x140cm-mahagon\/","title":{"rendered":"Raamaturiiul 3\/7 208x140cm Mahagon"},"content":{"rendered":"<p>P\u00fcstikuid: 3<br \/>Riiuliplaate: 7<br \/>Viimistlus\u00f5li v\u00e4rv: Mahagon 1705<br \/>Laius: 140cm<br \/>K\u00f5rgus: 208cm<br \/>S\u00fcgavus: 19.5 cm<br \/>Riiuliplaadi paksus: 2cm<br \/>Riiuli paksus: 3cm<br \/><a href=\"https:\/\/yourshelf.eu\/suunnittele-hyllysi\/#k=L1370023*1705*f!f%7Cf!f%7Cf!f%7Cb!f%7Cd!f%7Cb!f%7C7!f%7Cf!f*44%7C44%7C44!26%7C26%7C26%7C26%7C26%7C26%7C33%7C7*0*62\">Kohanda oma riiulite kuju ja v\u00e4rvi Riiuliloojaga &#8230;<\/a><\/p>\n<p>Viimistlemata riiul on 20% odavam &#8211; saad selle ise lakkida v\u00f5i \u00f5litada.<br \/>Riiulid tarnitakse osade kaupa.<br \/>Valmistatud Eestis. T\u00e4ispuit<\/p>\n<p>\u00d5li tooni saad ise valida, <a href=\"http:\/\/www.tikkurila.fi\/kotimaalarit\/varit\/varikartat_sisamaalaukseen\/kuultavat_sisavarit\" target=\"blank\" rel=\"noopener\"> vaata Tikkurila l\u00e4bipaistvate \u00f5lide v\u00e4rvikaarti&#8230;<\/a> , tegelik puidu toon ei pruugi olla sama mis v\u00e4rvikaardil.<br \/>Toonitud \u00f5li ei kata puitu nagu peits, \u00f5litamisel j\u00e4\u00e4vad tumedamad toonid heledamaks kui v\u00e4rvikaardil.<br \/>K\u00fcsi meilt n\u00e4idist v\u00f5i vaata toonin\u00e4idiseid Tikkurila kaupluses.<\/p>\n<p>Kui soovid, et riiuli p\u00fcstikud ulatuksid laeni, sisesta k\u00f5rgus vastavale v\u00e4ljale. Soovitame paigaldamiseks m\u00e4rkida k\u00f5rgus 1-2 cm madalamal kui \u00f5ige lae k\u00f5rgus.<\/p>\n","protected":false},"excerpt":{"rendered":"<p><a href=\"https:\/\/yourshelf.eu\/suunnittele-hyllysi\/#k=L1370023*1705*f!f%7Cf!f%7Cf!f%7Cb!f%7Cd!f%7Cb!f%7C7!f%7Cf!f*44%7C44%7C44!26%7C26%7C26%7C26%7C26%7C26%7C33%7C7*0*62\">Kohanda toodet&#8230;<\/a><\/p>\n","protected":false},"featured_media":0,"comment_status":"open","ping_status":"closed","template":"","meta":{"_uag_custom_page_level_css":"","site-sidebar-layout":"default","site-content-layout":"","ast-site-content-layout":"default","site-content-style":"default","site-sidebar-style":"default","ast-global-header-display":"","ast-banner-title-visibility":"","ast-main-header-display":"","ast-hfb-above-header-display":"","ast-hfb-below-header-display":"","ast-hfb-mobile-header-display":"","site-post-title":"","ast-breadcrumbs-content":"","ast-featured-img":"","footer-sml-layout":"","theme-transparent-header-meta":"","adv-header-id-meta":"","stick-header-meta":"","header-above-stick-meta":"","header-main-stick-meta":"","header-below-stick-meta":"","astra-migrate-meta-layouts":"default","ast-page-background-enabled":"default","ast-page-background-meta":{"desktop":{"background-color":"var(--ast-global-color-4)","background-image":"","background-repeat":"repeat","background-position":"center center","background-size":"auto","background-attachment":"scroll","background-type":"","background-media":"","overlay-type":"","overlay-color":"","overlay-opacity":"","overlay-gradient":""},"tablet":{"background-color":"","background-image":"","background-repeat":"repeat","background-position":"center center","background-size":"auto","background-attachment":"scroll","background-type":"","background-media":"","overlay-type":"","overlay-color":"","overlay-opacity":"","overlay-gradient":""},"mobile":{"background-color":"","background-image":"","background-repeat":"repeat","background-position":"center center","background-size":"auto","background-attachment":"scroll","background-type":"","background-media":"","overlay-type":"","overlay-color":"","overlay-opacity":"","overlay-gradient":""}},"ast-content-background-meta":{"desktop":{"background-color":"var(--ast-global-color-5)","background-image":"","background-repeat":"repeat","background-position":"center center","background-size":"auto","background-attachment":"scroll","background-type":"","background-media":"","overlay-type":"","overlay-color":"","overlay-opacity":"","overlay-gradient":""},"tablet":{"background-color":"var(--ast-global-color-5)","background-image":"","background-repeat":"repeat","background-position":"center center","background-size":"auto","background-attachment":"scroll","background-type":"","background-media":"","overlay-type":"","overlay-color":"","overlay-opacity":"","overlay-gradient":""},"mobile":{"background-color":"var(--ast-global-color-5)","background-image":"","background-repeat":"repeat","background-position":"center center","background-size":"auto","background-attachment":"scroll","background-type":"","background-media":"","overlay-type":"","overlay-color":"","overlay-opacity":"","overlay-gradient":""}}},"product_brand":[],"product_cat":[60],"product_tag":[],"class_list":{"0":"post-4306","1":"product","2":"type-product","3":"status-publish","5":"product_cat-kliendi-kujundatud","6":"desktop-align-center","7":"tablet-align-left","8":"mobile-align-left","9":"ast-product-gallery-layout-horizontal-slider","10":"ast-product-gallery-with-no-image","11":"ast-product-tabs-layout-accordion","13":"first","14":"instock","15":"shipping-taxable","16":"purchasable","17":"product-type-simple"},"uagb_featured_image_src":{"full":false,"thumbnail":false,"medium":false,"medium_large":false,"large":false,"1536x1536":false,"2048x2048":false,"woocommerce_thumbnail":false,"woocommerce_single":false,"woocommerce_gallery_thumbnail":false},"uagb_author_info":{"display_name":"Mario Vilbiks","author_link":"https:\/\/www.yourshelf.eu\/et\/author\/"},"uagb_comment_info":0,"uagb_excerpt":"Kohanda toodet...","_links":{"self":[{"href":"https:\/\/www.yourshelf.eu\/et\/wp-json\/wp\/v2\/product\/4306","targetHints":{"allow":["GET"]}}],"collection":[{"href":"https:\/\/www.yourshelf.eu\/et\/wp-json\/wp\/v2\/product"}],"about":[{"href":"https:\/\/www.yourshelf.eu\/et\/wp-json\/wp\/v2\/types\/product"}],"replies":[{"embeddable":true,"href":"https:\/\/www.yourshelf.eu\/et\/wp-json\/wp\/v2\/comments?post=4306"}],"wp:attachment":[{"href":"https:\/\/www.yourshelf.eu\/et\/wp-json\/wp\/v2\/media?parent=4306"}],"wp:term":[{"taxonomy":"product_brand","embeddable":true,"href":"https:\/\/www.yourshelf.eu\/et\/wp-json\/wp\/v2\/product_brand?post=4306"},{"taxonomy":"product_cat","embeddable":true,"href":"https:\/\/www.yourshelf.eu\/et\/wp-json\/wp\/v2\/product_cat?post=4306"},{"taxonomy":"product_tag","embeddable":true,"href":"https:\/\/www.yourshelf.eu\/et\/wp-json\/wp\/v2\/product_tag?post=4306"}],"curies":[{"name":"wp","href":"https:\/\/api.w.org\/{rel}","templated":true}]}}