{"id":3982,"date":"2024-04-25T10:49:25","date_gmt":"2024-04-25T07:49:25","guid":{"rendered":"https:\/\/yourshelf.eu\/toode\/kirjahylly-1-9-270x52cm-mahonki\/"},"modified":"2024-04-25T13:00:49","modified_gmt":"2024-04-25T10:00:49","slug":"kirjahylly-1-9-270x52cm-mahonki","status":"publish","type":"product","link":"https:\/\/www.yourshelf.eu\/et\/shop\/kirjahylly-1-9-270x52cm-mahonki\/","title":{"rendered":"Kirjahylly 1\/9 270x52cm Mahonki"},"content":{"rendered":"<p>Pystyosia: 1<br \/>\nHyllylevyj\u00e4: 9<br \/>\nViimeistely\u00f6ljyn s\u00e4vy: Mahonki 1705<br \/>\nLeveys: 52cm<br \/>\nKorkeus: 270cm<br \/>\nSyvyys: 19.5 cm<br \/>\nHyllylevyn paksuus: 2cm<br \/>\nHyllytolpan paksuus: 3cm<br \/>\n<a href=\"https:\/\/yourshelf.eu\/suunnittele-hyllysi\/#k=L1190023*1705*2!3|2!3|3!3|3!3|3!3|2!3|3!3|2!3|3!3|3!3*44!32|26|26|26|26|26|26|26|33|7*0*100\">Muokkaa hyllyn muotoa ja v\u00e4rej\u00e4 hyllynsuunnitteluohjelmalla&#8230;<\/a><\/p>\n<p>Viimeistelem\u00e4t\u00f6n hylly on 20 % edullisempi &#8211; voit itse lakata tai \u00f6ljyt\u00e4.<br \/>\nHylly toimitetaan osissa.<br \/>\nValmistettu Virossa. Kokopuu<\/p>\n<p>Voit valita \u00f6ljyn s\u00e4vyn, <a href=\"http:\/\/www.tikkurila.fi\/kotimaalarit\/varit\/varikartat_sisamaalaukseen\/kuultavat_sisavarit\" target=\"blank\" rel=\"noopener\"> katso Tikkurilan l\u00e4pin\u00e4kyvien lakkojen v\u00e4rikarttaa&#8230;<\/a> , oikea puu ei kuitenkaan v\u00e4ltt\u00e4m\u00e4tt\u00e4 j\u00e4\u00e4 samanlaiseksi kuin n\u00e4yt\u00f6ll\u00e4.<br \/>\nS\u00e4vytetty \u00f6ljy ei peit\u00e4 puuta niinkuin petsi, \u00f6ljytess\u00e4 tummat s\u00e4vyt j\u00e4\u00e4v\u00e4t vaaleammiksi kuin v\u00e4rikartalla.<br \/>\nKysy meilt\u00e4 n\u00e4ytett\u00e4 tai katso s\u00e4vyn\u00e4ytteit\u00e4 Tikkurilan liikkeess\u00e4.<\/p>\n<p>Jos haluat hyllyn tolppien ylettyv\u00e4n kattoon asti, sy\u00f6t\u00e4 korkeus huomioitavaa-kentt\u00e4\u00e4n. Suosittelemme korkeuden ilmoittamista 1-2 cm oikeasta katon korkeudesta matalampana, jotta se mahtuisi asennettaessa.<\/p>\n","protected":false},"excerpt":{"rendered":"<p><a href=\"https:\/\/yourshelf.eu\/suunnittele-hyllysi\/#k=L1190023*1705*2!3|2!3|3!3|3!3|3!3|2!3|3!3|2!3|3!3|3!3*44!32|26|26|26|26|26|26|26|33|7*0*100\">Muokkaa tuotetta&#8230;<\/a><\/p>\n","protected":false},"featured_media":4000,"comment_status":"open","ping_status":"closed","template":"","meta":{"_uag_custom_page_level_css":"","site-sidebar-layout":"default","site-content-layout":"","ast-site-content-layout":"default","site-content-style":"default","site-sidebar-style":"default","ast-global-header-display":"","ast-banner-title-visibility":"","ast-main-header-display":"","ast-hfb-above-header-display":"","ast-hfb-below-header-display":"","ast-hfb-mobile-header-display":"","site-post-title":"","ast-breadcrumbs-content":"","ast-featured-img":"","footer-sml-layout":"","theme-transparent-header-meta":"default","adv-header-id-meta":"","stick-header-meta":"default","header-above-stick-meta":"","header-main-stick-meta":"","header-below-stick-meta":"","astra-migrate-meta-layouts":"set","ast-page-background-enabled":"default","ast-page-background-meta":{"desktop":{"background-color":"var(--ast-global-color-4)","background-image":"","background-repeat":"repeat","background-position":"center center","background-size":"auto","background-attachment":"scroll","background-type":"","background-media":"","overlay-type":"","overlay-color":"","overlay-opacity":"","overlay-gradient":""},"tablet":{"background-color":"","background-image":"","background-repeat":"repeat","background-position":"center center","background-size":"auto","background-attachment":"scroll","background-type":"","background-media":"","overlay-type":"","overlay-color":"","overlay-opacity":"","overlay-gradient":""},"mobile":{"background-color":"","background-image":"","background-repeat":"repeat","background-position":"center center","background-size":"auto","background-attachment":"scroll","background-type":"","background-media":"","overlay-type":"","overlay-color":"","overlay-opacity":"","overlay-gradient":""}},"ast-content-background-meta":{"desktop":{"background-color":"var(--ast-global-color-5)","background-image":"","background-repeat":"repeat","background-position":"center center","background-size":"auto","background-attachment":"scroll","background-type":"","background-media":"","overlay-type":"","overlay-color":"","overlay-opacity":"","overlay-gradient":""},"tablet":{"background-color":"var(--ast-global-color-5)","background-image":"","background-repeat":"repeat","background-position":"center center","background-size":"auto","background-attachment":"scroll","background-type":"","background-media":"","overlay-type":"","overlay-color":"","overlay-opacity":"","overlay-gradient":""},"mobile":{"background-color":"var(--ast-global-color-5)","background-image":"","background-repeat":"repeat","background-position":"center center","background-size":"auto","background-attachment":"scroll","background-type":"","background-media":"","overlay-type":"","overlay-color":"","overlay-opacity":"","overlay-gradient":""}}},"product_brand":[],"product_cat":[64],"product_tag":[],"class_list":{"0":"post-3982","1":"product","2":"type-product","3":"status-publish","4":"has-post-thumbnail","6":"product_cat-raamaturiiulid","7":"desktop-align-center","8":"tablet-align-left","9":"mobile-align-left","10":"ast-product-gallery-layout-horizontal-slider","11":"ast-product-gallery-with-no-image","12":"ast-product-tabs-layout-accordion","14":"first","15":"instock","16":"shipping-taxable","17":"purchasable","18":"product-type-simple"},"uagb_featured_image_src":{"full":["https:\/\/www.yourshelf.eu\/wp-content\/uploads\/2024\/04\/240425-0749241-1.jpg",500,2137,false],"thumbnail":["https:\/\/www.yourshelf.eu\/wp-content\/uploads\/2024\/04\/240425-0749241-1-200x200.jpg",200,200,true],"medium":["https:\/\/www.yourshelf.eu\/wp-content\/uploads\/2024\/04\/240425-0749241-1-300x300.jpg",300,300,true],"medium_large":["https:\/\/www.yourshelf.eu\/wp-content\/uploads\/2024\/04\/240425-0749241-1-768x768.jpg",768,768,true],"large":["https:\/\/www.yourshelf.eu\/wp-content\/uploads\/2024\/04\/240425-0749241-1-1024x1024.jpg",1024,1024,true],"1536x1536":["https:\/\/www.yourshelf.eu\/wp-content\/uploads\/2024\/04\/240425-0749241-1.jpg",359,1536,false],"2048x2048":["https:\/\/www.yourshelf.eu\/wp-content\/uploads\/2024\/04\/240425-0749241-1.jpg",479,2048,false],"woocommerce_thumbnail":["https:\/\/www.yourshelf.eu\/wp-content\/uploads\/2024\/04\/240425-0749241-1-340x340.jpg",340,340,true],"woocommerce_single":["https:\/\/www.yourshelf.eu\/wp-content\/uploads\/2024\/04\/240425-0749241-1.jpg",500,2137,false],"woocommerce_gallery_thumbnail":["https:\/\/www.yourshelf.eu\/wp-content\/uploads\/2024\/04\/240425-0749241-1-100x100.jpg",100,100,true]},"uagb_author_info":{"display_name":"Mario Vilbiks","author_link":"https:\/\/www.yourshelf.eu\/et\/author\/"},"uagb_comment_info":0,"uagb_excerpt":"Muokkaa tuotetta...","_links":{"self":[{"href":"https:\/\/www.yourshelf.eu\/et\/wp-json\/wp\/v2\/product\/3982","targetHints":{"allow":["GET"]}}],"collection":[{"href":"https:\/\/www.yourshelf.eu\/et\/wp-json\/wp\/v2\/product"}],"about":[{"href":"https:\/\/www.yourshelf.eu\/et\/wp-json\/wp\/v2\/types\/product"}],"replies":[{"embeddable":true,"href":"https:\/\/www.yourshelf.eu\/et\/wp-json\/wp\/v2\/comments?post=3982"}],"wp:featuredmedia":[{"embeddable":true,"href":"https:\/\/www.yourshelf.eu\/et\/wp-json\/wp\/v2\/media\/4000"}],"wp:attachment":[{"href":"https:\/\/www.yourshelf.eu\/et\/wp-json\/wp\/v2\/media?parent=3982"}],"wp:term":[{"taxonomy":"product_brand","embeddable":true,"href":"https:\/\/www.yourshelf.eu\/et\/wp-json\/wp\/v2\/product_brand?post=3982"},{"taxonomy":"product_cat","embeddable":true,"href":"https:\/\/www.yourshelf.eu\/et\/wp-json\/wp\/v2\/product_cat?post=3982"},{"taxonomy":"product_tag","embeddable":true,"href":"https:\/\/www.yourshelf.eu\/et\/wp-json\/wp\/v2\/product_tag?post=3982"}],"curies":[{"name":"wp","href":"https:\/\/api.w.org\/{rel}","templated":true}]}}