{"id":2016,"date":"2017-12-20T12:57:07","date_gmt":"2017-12-20T10:57:07","guid":{"rendered":"http:\/\/yourshelf.eu\/tuote\/hylly-68-204x264cm-jalopuu-3\/"},"modified":"2024-04-22T15:29:51","modified_gmt":"2024-04-22T12:29:51","slug":"hylly-68-204x264cm-jalopuu-3","status":"publish","type":"product","link":"https:\/\/www.yourshelf.eu\/et\/shop\/hylly-68-204x264cm-jalopuu-3\/","title":{"rendered":"T\u00e4ispuidust riiul 204x264cm toon:V\u00e4\u00e4rispuu"},"content":{"rendered":"<p>Hyllyj\u00e4: 6<br \/>\nPystyp\u00e4\u00e4tyj\u00e4: 8<br \/>\nViimeistely\u00f6ljyn s\u00e4vy: Jalopuu 3451<br \/>\nLeveys: 264cm<br \/>\nKorkeus: 204cm<br \/>\nSyvyys: 25.5 cm<br \/>\nHyllylevyn paksuus: 2cm<br \/>\nHyllytolpan paksuus: 3cm<br \/>\n<a href=\"https:\/\/yourshelf.eu\/suunnittele-hyllysi\/#k=L1680023*3451*1o!0|3i!3j|3i!3j|3i!3j|3i!3f|36!3f|36!3f|3i!3j|3i!3j*38|38|38|52|52|38!0|25|25|25|25|25|25|32|8*1*102\">Muokkaa hyllyn muotoa ja v\u00e4rej\u00e4 hyllynsuunnitteluohjelmalla&#8230;<\/a><\/p>\n<p>Viimeistelem\u00e4t\u00f6n hylly on 20 % edullisempi &#8211; voit itse lakata tai \u00f6ljyt\u00e4.<br \/>\nHylly toimitetaan osissa.<br \/>\nValmistettu Virossa. Kokopuu<\/p>\n<p>Voit valita \u00f6ljyn s\u00e4vyn, <a href=\"http:\/\/www.tikkurila.fi\/kotimaalarit\/varit\/varikartat_sisamaalaukseen\/kuultavat_sisavarit\" target=\"blank\" rel=\"noopener noreferrer\"> katso Tikkurilan l\u00e4pin\u00e4kyvien lakkojen v\u00e4rikarttaa&#8230;<\/a> , oikea puu ei kuitenkaan v\u00e4ltt\u00e4m\u00e4tt\u00e4 j\u00e4\u00e4 samanlaiseksi kuin n\u00e4yt\u00f6ll\u00e4.<br \/>\nS\u00e4vytetty \u00f6ljy ei peit\u00e4 puuta niinkuin petsi, \u00f6ljytess\u00e4 tummat s\u00e4vyt j\u00e4\u00e4v\u00e4t vaaleammiksi kuin v\u00e4rikartalla.<br \/>\nKysy meilt\u00e4 n\u00e4ytett\u00e4 tai katso s\u00e4vyn\u00e4ytteit\u00e4 Tikkurilan liikkeess\u00e4.<\/p>\n<p>Jos haluat hyllyn tolppien ylettyv\u00e4n kattoon asti, sy\u00f6t\u00e4 korkeus huomioitavaa-kentt\u00e4\u00e4n. Suosittelemme korkeuden ilmoittamista 1-2 cm oikeasta katon korkeudesta matalampana, jotta se mahtuisi asennettaessa.<\/p>\n","protected":false},"excerpt":{"rendered":"<p><a href=\"https:\/\/yourshelf.eu\/suunnittele-hyllysi\/#k=L1680023*3451*1o!0|3i!3j|3i!3j|3i!3j|3i!3f|36!3f|36!3f|3i!3j|3i!3j*38|38|38|52|52|38!0|25|25|25|25|25|25|32|8*1*102\">Muokkaa tuotetta&#8230;<\/a><\/p>\n","protected":false},"featured_media":3960,"comment_status":"open","ping_status":"closed","template":"","meta":{"_uag_custom_page_level_css":"","site-sidebar-layout":"default","site-content-layout":"","ast-site-content-layout":"default","site-content-style":"default","site-sidebar-style":"default","ast-global-header-display":"","ast-banner-title-visibility":"","ast-main-header-display":"","ast-hfb-above-header-display":"","ast-hfb-below-header-display":"","ast-hfb-mobile-header-display":"","site-post-title":"","ast-breadcrumbs-content":"","ast-featured-img":"","footer-sml-layout":"","theme-transparent-header-meta":"","adv-header-id-meta":"","stick-header-meta":"","header-above-stick-meta":"","header-main-stick-meta":"","header-below-stick-meta":"","astra-migrate-meta-layouts":"set","ast-page-background-enabled":"default","ast-page-background-meta":{"desktop":{"background-color":"var(--ast-global-color-4)","background-image":"","background-repeat":"repeat","background-position":"center center","background-size":"auto","background-attachment":"scroll","background-type":"","background-media":"","overlay-type":"","overlay-color":"","overlay-opacity":"","overlay-gradient":""},"tablet":{"background-color":"","background-image":"","background-repeat":"repeat","background-position":"center center","background-size":"auto","background-attachment":"scroll","background-type":"","background-media":"","overlay-type":"","overlay-color":"","overlay-opacity":"","overlay-gradient":""},"mobile":{"background-color":"","background-image":"","background-repeat":"repeat","background-position":"center center","background-size":"auto","background-attachment":"scroll","background-type":"","background-media":"","overlay-type":"","overlay-color":"","overlay-opacity":"","overlay-gradient":""}},"ast-content-background-meta":{"desktop":{"background-color":"var(--ast-global-color-5)","background-image":"","background-repeat":"repeat","background-position":"center center","background-size":"auto","background-attachment":"scroll","background-type":"","background-media":"","overlay-type":"","overlay-color":"","overlay-opacity":"","overlay-gradient":""},"tablet":{"background-color":"var(--ast-global-color-5)","background-image":"","background-repeat":"repeat","background-position":"center center","background-size":"auto","background-attachment":"scroll","background-type":"","background-media":"","overlay-type":"","overlay-color":"","overlay-opacity":"","overlay-gradient":""},"mobile":{"background-color":"var(--ast-global-color-5)","background-image":"","background-repeat":"repeat","background-position":"center center","background-size":"auto","background-attachment":"scroll","background-type":"","background-media":"","overlay-type":"","overlay-color":"","overlay-opacity":"","overlay-gradient":""}}},"product_brand":[],"product_cat":[60,67,64],"product_tag":[],"class_list":{"0":"post-2016","1":"product","2":"type-product","3":"status-publish","4":"has-post-thumbnail","6":"product_cat-kliendi-kujundatud","7":"product_cat-led-riiulid-et","8":"product_cat-raamaturiiulid","9":"desktop-align-center","10":"tablet-align-left","11":"mobile-align-left","12":"ast-product-gallery-layout-horizontal-slider","13":"ast-product-gallery-with-no-image","14":"ast-product-tabs-layout-accordion","16":"first","17":"instock","18":"shipping-taxable","19":"purchasable","20":"product-type-simple"},"uagb_featured_image_src":{"full":["https:\/\/www.yourshelf.eu\/wp-content\/uploads\/2017\/12\/171220-1057071.jpg",1110,728,false],"thumbnail":["https:\/\/www.yourshelf.eu\/wp-content\/uploads\/2017\/12\/171220-1057071-200x200.jpg",200,200,true],"medium":["https:\/\/www.yourshelf.eu\/wp-content\/uploads\/2017\/12\/171220-1057071-300x197.jpg",300,197,true],"medium_large":["https:\/\/www.yourshelf.eu\/wp-content\/uploads\/2017\/12\/171220-1057071-768x504.jpg",768,504,true],"large":["https:\/\/www.yourshelf.eu\/wp-content\/uploads\/2017\/12\/171220-1057071-1024x672.jpg",1024,672,true],"1536x1536":["https:\/\/www.yourshelf.eu\/wp-content\/uploads\/2017\/12\/171220-1057071.jpg",1110,728,false],"2048x2048":["https:\/\/www.yourshelf.eu\/wp-content\/uploads\/2017\/12\/171220-1057071.jpg",1110,728,false],"woocommerce_thumbnail":["https:\/\/www.yourshelf.eu\/wp-content\/uploads\/2017\/12\/171220-1057071-340x340.jpg",340,340,true],"woocommerce_single":["https:\/\/www.yourshelf.eu\/wp-content\/uploads\/2017\/12\/171220-1057071-500x328.jpg",500,328,true],"woocommerce_gallery_thumbnail":["https:\/\/www.yourshelf.eu\/wp-content\/uploads\/2017\/12\/171220-1057071-100x100.jpg",100,100,true]},"uagb_author_info":{"display_name":"Mario Vilbiks","author_link":"https:\/\/www.yourshelf.eu\/et\/author\/"},"uagb_comment_info":0,"uagb_excerpt":"Muokkaa tuotetta...","_links":{"self":[{"href":"https:\/\/www.yourshelf.eu\/et\/wp-json\/wp\/v2\/product\/2016","targetHints":{"allow":["GET"]}}],"collection":[{"href":"https:\/\/www.yourshelf.eu\/et\/wp-json\/wp\/v2\/product"}],"about":[{"href":"https:\/\/www.yourshelf.eu\/et\/wp-json\/wp\/v2\/types\/product"}],"replies":[{"embeddable":true,"href":"https:\/\/www.yourshelf.eu\/et\/wp-json\/wp\/v2\/comments?post=2016"}],"wp:featuredmedia":[{"embeddable":true,"href":"https:\/\/www.yourshelf.eu\/et\/wp-json\/wp\/v2\/media\/3960"}],"wp:attachment":[{"href":"https:\/\/www.yourshelf.eu\/et\/wp-json\/wp\/v2\/media?parent=2016"}],"wp:term":[{"taxonomy":"product_brand","embeddable":true,"href":"https:\/\/www.yourshelf.eu\/et\/wp-json\/wp\/v2\/product_brand?post=2016"},{"taxonomy":"product_cat","embeddable":true,"href":"https:\/\/www.yourshelf.eu\/et\/wp-json\/wp\/v2\/product_cat?post=2016"},{"taxonomy":"product_tag","embeddable":true,"href":"https:\/\/www.yourshelf.eu\/et\/wp-json\/wp\/v2\/product_tag?post=2016"}],"curies":[{"name":"wp","href":"https:\/\/api.w.org\/{rel}","templated":true}]}}