{"id":1233,"date":"2018-10-16T11:27:30","date_gmt":"2018-10-16T08:27:30","guid":{"rendered":"http:\/\/yourshelf.eu\/tuote\/riiul-5-7-208x228cm-viimistlemata-puu\/"},"modified":"2024-04-21T13:22:36","modified_gmt":"2024-04-21T10:22:36","slug":"taispuidust-riiul-5-7-208x228cm-viimistlemata-puu","status":"publish","type":"product","link":"https:\/\/www.yourshelf.eu\/et\/shop\/taispuidust-riiul-5-7-208x228cm-viimistlemata-puu\/","title":{"rendered":"T\u00e4ispuidust riiul 5\/7 208x228cm Viimistlemata puu"},"content":{"rendered":"<p>Riiuleid: 5<br \/>\nP\u00fcstikuid: 7<br \/>\nLaius: 228 cm<br \/>\nK\u00f5rgus: 208 cm<br \/>\nS\u00fcgavus: 25,5 cm<br \/>\nViimistlus: toonimata \u00f5li<br \/>\nToodetud Eestis. T\u00e4ispuit<\/p>\n<p><a href=\"https:\/\/yourshelf.eu\/suunnittele-hyllysi\/#k=L1572023*xxxx*u!1r|q!1r|10!1r|q!1r|10!1r|i!1r|18!1r|1a!1r*44|44|44|44|44!26|26|26|26|26|26|33|7*1*47\">Siit saad RiiuliLooja tarkvaraga<\/a> teha muudatusi riiuli kujus ja valida v\u00e4rve.<\/p>\n","protected":false},"excerpt":{"rendered":"<p>Riiuleid: 5 P\u00fcstikuid: 7 Laius: 228 cm K\u00f5rgus: 208 cm S\u00fcgavus: 25,5 cm Viimistlus: toonimata \u00f5li Toodetud Eestis. T\u00e4ispuit Siit [&hellip;]<\/p>\n","protected":false},"featured_media":1234,"comment_status":"open","ping_status":"closed","template":"","meta":{"_uag_custom_page_level_css":"","site-sidebar-layout":"default","site-content-layout":"","ast-site-content-layout":"default","site-content-style":"default","site-sidebar-style":"default","ast-global-header-display":"","ast-banner-title-visibility":"","ast-main-header-display":"","ast-hfb-above-header-display":"","ast-hfb-below-header-display":"","ast-hfb-mobile-header-display":"","site-post-title":"","ast-breadcrumbs-content":"","ast-featured-img":"","footer-sml-layout":"","theme-transparent-header-meta":"","adv-header-id-meta":"","stick-header-meta":"","header-above-stick-meta":"","header-main-stick-meta":"","header-below-stick-meta":"","astra-migrate-meta-layouts":"set","ast-page-background-enabled":"default","ast-page-background-meta":{"desktop":{"background-color":"var(--ast-global-color-4)","background-image":"","background-repeat":"repeat","background-position":"center center","background-size":"auto","background-attachment":"scroll","background-type":"","background-media":"","overlay-type":"","overlay-color":"","overlay-opacity":"","overlay-gradient":""},"tablet":{"background-color":"","background-image":"","background-repeat":"repeat","background-position":"center center","background-size":"auto","background-attachment":"scroll","background-type":"","background-media":"","overlay-type":"","overlay-color":"","overlay-opacity":"","overlay-gradient":""},"mobile":{"background-color":"","background-image":"","background-repeat":"repeat","background-position":"center center","background-size":"auto","background-attachment":"scroll","background-type":"","background-media":"","overlay-type":"","overlay-color":"","overlay-opacity":"","overlay-gradient":""}},"ast-content-background-meta":{"desktop":{"background-color":"var(--ast-global-color-5)","background-image":"","background-repeat":"repeat","background-position":"center center","background-size":"auto","background-attachment":"scroll","background-type":"","background-media":"","overlay-type":"","overlay-color":"","overlay-opacity":"","overlay-gradient":""},"tablet":{"background-color":"var(--ast-global-color-5)","background-image":"","background-repeat":"repeat","background-position":"center center","background-size":"auto","background-attachment":"scroll","background-type":"","background-media":"","overlay-type":"","overlay-color":"","overlay-opacity":"","overlay-gradient":""},"mobile":{"background-color":"var(--ast-global-color-5)","background-image":"","background-repeat":"repeat","background-position":"center center","background-size":"auto","background-attachment":"scroll","background-type":"","background-media":"","overlay-type":"","overlay-color":"","overlay-opacity":"","overlay-gradient":""}}},"product_brand":[],"product_cat":[60],"product_tag":[],"class_list":{"0":"post-1233","1":"product","2":"type-product","3":"status-publish","4":"has-post-thumbnail","6":"product_cat-kliendi-kujundatud","7":"desktop-align-center","8":"tablet-align-left","9":"mobile-align-left","10":"ast-product-gallery-layout-horizontal-slider","11":"ast-product-gallery-with-no-image","12":"ast-product-tabs-layout-accordion","14":"first","15":"instock","16":"shipping-taxable","17":"purchasable","18":"product-type-simple"},"uagb_featured_image_src":{"full":["https:\/\/www.yourshelf.eu\/wp-content\/uploads\/2018\/10\/181016-0827283.png",677,482,false],"thumbnail":["https:\/\/www.yourshelf.eu\/wp-content\/uploads\/2018\/10\/181016-0827283-200x200.png",200,200,true],"medium":["https:\/\/www.yourshelf.eu\/wp-content\/uploads\/2018\/10\/181016-0827283-300x214.png",300,214,true],"medium_large":["https:\/\/www.yourshelf.eu\/wp-content\/uploads\/2018\/10\/181016-0827283.png",677,482,false],"large":["https:\/\/www.yourshelf.eu\/wp-content\/uploads\/2018\/10\/181016-0827283.png",677,482,false],"1536x1536":["https:\/\/www.yourshelf.eu\/wp-content\/uploads\/2018\/10\/181016-0827283.png",677,482,false],"2048x2048":["https:\/\/www.yourshelf.eu\/wp-content\/uploads\/2018\/10\/181016-0827283.png",677,482,false],"woocommerce_thumbnail":["https:\/\/www.yourshelf.eu\/wp-content\/uploads\/2018\/10\/181016-0827283-340x340.png",340,340,true],"woocommerce_single":["https:\/\/www.yourshelf.eu\/wp-content\/uploads\/2018\/10\/181016-0827283-500x356.png",500,356,true],"woocommerce_gallery_thumbnail":["https:\/\/www.yourshelf.eu\/wp-content\/uploads\/2018\/10\/181016-0827283-100x100.png",100,100,true]},"uagb_author_info":{"display_name":"Mario Vilbiks","author_link":"https:\/\/www.yourshelf.eu\/et\/author\/"},"uagb_comment_info":0,"uagb_excerpt":"Riiuleid: 5 P\u00fcstikuid: 7 Laius: 228 cm K\u00f5rgus: 208 cm S\u00fcgavus: 25,5 cm Viimistlus: toonimata \u00f5li Toodetud Eestis. T\u00e4ispuit Siit [&hellip;]","_links":{"self":[{"href":"https:\/\/www.yourshelf.eu\/et\/wp-json\/wp\/v2\/product\/1233","targetHints":{"allow":["GET"]}}],"collection":[{"href":"https:\/\/www.yourshelf.eu\/et\/wp-json\/wp\/v2\/product"}],"about":[{"href":"https:\/\/www.yourshelf.eu\/et\/wp-json\/wp\/v2\/types\/product"}],"replies":[{"embeddable":true,"href":"https:\/\/www.yourshelf.eu\/et\/wp-json\/wp\/v2\/comments?post=1233"}],"wp:featuredmedia":[{"embeddable":true,"href":"https:\/\/www.yourshelf.eu\/et\/wp-json\/wp\/v2\/media\/1234"}],"wp:attachment":[{"href":"https:\/\/www.yourshelf.eu\/et\/wp-json\/wp\/v2\/media?parent=1233"}],"wp:term":[{"taxonomy":"product_brand","embeddable":true,"href":"https:\/\/www.yourshelf.eu\/et\/wp-json\/wp\/v2\/product_brand?post=1233"},{"taxonomy":"product_cat","embeddable":true,"href":"https:\/\/www.yourshelf.eu\/et\/wp-json\/wp\/v2\/product_cat?post=1233"},{"taxonomy":"product_tag","embeddable":true,"href":"https:\/\/www.yourshelf.eu\/et\/wp-json\/wp\/v2\/product_tag?post=1233"}],"curies":[{"name":"wp","href":"https:\/\/api.w.org\/{rel}","templated":true}]}}