{"id":4143,"date":"2024-05-14T12:39:06","date_gmt":"2024-05-14T09:39:06","guid":{"rendered":"https:\/\/yourshelf.eu\/muugitingimused-2\/"},"modified":"2024-05-14T12:39:07","modified_gmt":"2024-05-14T09:39:07","slug":"muugitingimused-2","status":"publish","type":"page","link":"https:\/\/www.yourshelf.eu\/et\/muugitingimused-2\/","title":{"rendered":"M\u00fc\u00fcgitingimused"},"content":{"rendered":"\n<div class=\"wp-block-uagb-container uagb-block-4d363975 alignfull uagb-is-root-container\"><div class=\"uagb-container-inner-blocks-wrap\">\n<p>Veebipoe Yourshelf.eu (edaspidi Veebipood) omanik on Lennarti O\u00dc (registrikood 12133539), Asukohaga Kallaste keskus 6, Tabasalu Harku vald, Harjumaa 76901.<\/p>\n\n\n\n<p class=\"has-text-align-left\"><strong>M\u00fc\u00fcgilepingu kehtivus, toote- ja hinnainfo<\/strong><\/p>\n\n\n\n<p>M\u00fc\u00fcgitingimused kehtivad Veebipoest toodete ostmisel. <br\/><br\/>Veebipoes m\u00fc\u00fcdavate toodete hinnad on m\u00e4rgitud toodete juurde. Hinnale lisandub tasu toote k\u00e4ttetoimetamise eest.<br\/><br\/>Toote k\u00e4ttetoimetamise tasu s\u00f5ltub ostja asukohast ning k\u00e4ttetoimetamise viisist.<br\/><br\/>K\u00e4ttetoimetamise tasu kuvatakse ostjale tellimuse vormistamisel.<br\/><br\/>Teave toote kohta on esitatud Veebipoes vahetult toote juures.<\/p>\n\n\n\n<p class=\"has-text-align-left\"><strong>Tellimuse vormistamine<\/strong><\/p>\n\n\n\n<p>Toote tellimiseks lisa soovitud tooted ostukorvi ja vali seal soovitud tarneviis. Tulles ise tootele j\u00e4rgi Kallaste keskus 6, Tabasalu, k\u00e4ttetoimetamise tasu ei lisandu. Seej\u00e4rel kuvatakse tasu suurus, mille saad tasuda pangalingi kaudu v\u00f5i muu makselahenduse abil. Tellimuse esitamiseks t\u00e4ida n\u00f5utud andmev\u00e4ljad, vali makseviis ning saada tellimus \u00e4ra.<br\/><br\/>Vaatame tellitud toote \u00fcle ja vajadusel t\u00e4psustame Sinuga kinnitusdetailid, paigalduse, v\u00e4rvitooni ning muud k\u00fcsimused.<br\/><br\/>Peale \u00fcksikasjade koosk\u00f5lastamist on tellimuse t\u00e4itmise aeg kuni 6 n\u00e4dalat. Erandjuhtudel v\u00f5ib t\u00e4htaeg olla pikem.<br\/><br\/>Kui tellitud toodet ei saa valmistada, teavitame sellest Sind esimesel v\u00f5imalusel ning tagastame tasutud raha (sh toote k\u00e4ttetoimetamise kulud) \u00fcldjuhul 1-2 t\u00f6\u00f6p\u00e4eva jooksul. S\u00f5ltuvalt makseviisist v\u00f5ib laekumine aega v\u00f5tta kuni 7 t\u00f6\u00f6p\u00e4eva.<\/p>\n\n\n\n<p><strong>Kohaletoimetamine<\/strong><\/p>\n\n\n\n<p>Tooteid saadame j\u00e4rgmistesse riikidesse: Eesti ja Soome, teistesse EL riikidesse kokkuleppel.<br\/><br\/>Toote saatmiskulud kannab ostja ning vastav hinnainfo on kuvatud saatmisviisi juures. <br\/>Teavitame Sind toote valmimise ning tellimuse summa l\u00f5plikul tasumisel saadame toote kulleriga v\u00f5i saad ise j\u00e4rgi tulla meie lattu.<br\/><br\/>Eestisisene saadetis j\u00f5uab \u00fcldjuhul Sinu m\u00e4\u00e4ratud sihtpunkti 5 t\u00f6\u00f6p\u00e4eva jooksul alates toote valmimisest ja l\u00f5plikust tasumisest.<br\/><br\/>Erandlikel juhtumitel on \u00f5igus toode kohale toimetada kuni 30 kalendrip\u00e4eva jooksul.<br\/>Kui Veebipood on veebilehel v\u00f5i tellimuse kinnituses teavitanud ostjat tarneprobleemidest ja 30 kalendrip\u00e4eva \u00fcletavast t\u00e4htajast, kohaldub Veebipoe poolt avaldatud t\u00e4htaeg.<\/p>\n\n\n\n<p><strong>Taganemis\u00f5igus<\/strong><\/p>\n\n\n\n<p>Tagastada saab vaid veebipoest ostetud standardsete m\u00f5\u00f5tudega tooteid.<br\/><br\/>Kliendi poolt antud erim\u00f5\u00f5tudega tooteid ei saa tagastada.<br\/><br\/>Tagastatav toode peab olema kasutamata ja piisavalt pakitud, v\u00e4ltimaks kahjustusi transpordil.<br\/><br\/>Tagastatud toote eest makstud raha kanname Sinu pangakontole 14 t\u00f6\u00f6p\u00e4eva jooksul alates toote j\u00f5udmisest meie lattu. Toote tagastamise kulud kannab ostja. Raha tagasi garantii kehtib ainult e-poe kaudu tellitud tootele.<br\/><br\/>Kui Sa oled tootega enne ostu tutvunud ja toode vastab tootja tingimustele, siis raha tagasi garantii ei kehti.<br\/><br\/>Defekti ilmnemisel teata e-posti aadressile <a href=\"mailto:riiul@lennart.ee\">riiul@lennart.ee<\/a> v\u00f5i helista meile telefonil<a href=\"Tel:+3725044000\">+372 5044000.<\/a><br\/><br\/>Kui defekt on tehnoloogilise iseloomuga, siis v\u00f5id n\u00f5uda toote parandamist ning parandamise v\u00f5imatuse v\u00f5i ebaefektiivsuse korral toote asendamist. Kui toodet on v\u00f5imalik parandada, siis asendamist n\u00f5uda ei ole v\u00f5imalik, kuna see p\u00f5hjustaks m\u00fc\u00fcjale ebam\u00f5istlikke kulusid. Raha tagastamist on tarbijal v\u00f5imalik n\u00f5uda ainult sellisel juhul, kui asendamine m\u00f5istliku aja jooksul pole osutunud v\u00f5imalikuks sobiva toote puudumise t\u00f5ttu (V\u00d5S, 11.ptk., paragrahv 222(1)). <br\/>Toote tagastamise kulud kannab ostja, v\u00e4lja arvatud juhul, kui tagastamise p\u00f5hjus seisneb asjaolus, et tagastamisele kuuluv asi ei vasta tellitule (nt vale v\u00f5i defektiga asi). Ostja peab toote tagastama avalduse esitamisele j\u00e4rgneva 14 p\u00e4eva jooksul v\u00f5i esitama t\u00f5endi, et ta on eelnimetatud perioodi jooksul toote \u00fcle andnud toote vedajale.<br\/><br\/>Veebipood tagastab tagastatava toote k\u00e4ttesaamisel ostjale viivitamata, kuid mitte hiljem kui 14 p\u00e4eva m\u00f6\u00f6dumisel arvates taganemisavalduse saamisest, k\u00f5ik ostjalt lepingu alusel saadud tasud.<br\/><br\/>Veebipood v\u00f5ib keelduda tagasimaksete tegemisest seni, kuni on lepingu esemeks oleva asja tagasi saanud v\u00f5i kuni ostja on esitanud t\u00f5endid, et on asja tagasi saatnud, s\u00f5ltuvalt sellest, kumb toimub varem.<br\/><br\/>Veebipoel on \u00f5igus taganeda m\u00fc\u00fcgitehingust ning n\u00f5uda ostjalt tagasi toode, kui toote hind veebipoes on eksituse t\u00f5ttu m\u00e4rgitud oluliselt alla toote turuhinna.<br\/><br\/>Veebipood ei vastuta puuduste eest, mis on tekkinud p\u00e4rast toote \u00fcleandmist tarbija tegevuse v\u00f5i tegevusetuse t\u00f5ttu (vale kasutusviis, \u00f5nnetusjuhtum vms) v\u00f5i kui tegemist on asja tavap\u00e4rasest kasutamisest tingitud normaalse kulumisega.<br\/><br\/>JKui Veebipoest ostetud tootel on puudused, mille eest Veebipood vastutab, parandab v\u00f5i asendab Veebipood puudusega toote. JKui toode ei ole v\u00f5imalik parandada ega asendada, tagastab veebipood ostjale k\u00f5ik m\u00fc\u00fcgilepinguga kaasnenud tasud.<\/p>\n\n\n\n<p><strong>Garantii<\/strong><\/p>\n\n\n\n<p><strong>Meie anname Lennarti riiulitele TOOTJA GARANTII 10 AASTAT sest:<\/strong><br\/><br\/>1. riiulid on t\u00e4ispuidust, mis erinevalt pressplaatidest kestab aastak\u00fcmneid<br\/>2. riiulitasapinnad on tugevast 20mm t\u00e4ispuidust, toestatud riiulipostidega ja taluvad suuri raskusi<br\/>3. loodusliku \u00f5liga viimistletud t\u00e4ispuitu on m\u00f6\u00f6bli tegemisel kasutatud aastasadasid ja see kestab!<br\/><br\/>Garantiit\u00e4htaeg hakkab kulgema Toote Ostjale \u00fcleandmise p\u00e4evale j\u00e4rgnevast p\u00e4evast. Garantii kehtib tingimusel, et Toote paigaldamisel on j\u00e4lgitud kokkupanekujuhendit, toodet on kasutatud sihtotstarbeliselt ja hooldatud vastavalt hooldusjuhendile. Garantii ei laiene Toote loomulikule kulumisele, samuti puidu mustri ja v\u00e4rvitooni muutumisele ajas, n\u00e4iteks pleekimisele.<br\/><br\/>Garantii ei kehti ka j\u00e4rgnevatel juhtudel:<br\/><br\/>1. kui toodet on garantiiaja jooksul ostja poolt remonditud v\u00f5i muudetud<br\/>2. kui toote vigastused on tekkinud selle oskamatu k\u00e4sitlemise, hoidmise v\u00f5i transportimise tagaj\u00e4rjel.<\/p>\n\n\n\n<p><strong>Vaidluste lahendamine<\/strong><br\/><br\/>Kui ostjal on Veebipoe osas pretensioone, tuleb need saata e-kirja aadressile <a href=\"mailto:riiul@lennart.ee\">riiul@lennart.ee<\/a> v\u00f5i helistada telefonil <a href=\"Tel:+3725044000\">+372 5044000<\/a>.<br\/><br\/>Kui ostja ja Veebipood ei suuda lahenda vaidlust kokkuleppe teel, siis on ostjal v\u00f5imalik p\u00f6\u00f6rduda Tarbijavaidluste komisjoni poole.<br\/>Tarbijavaidluste komisjoni p\u00e4devuses on lahendada ostja ja Veebipoe vahel s\u00f5lmitud lepingust tulenevaid vaidlusi. Ostja kaebuse l\u00e4bivaatamine komisjonis on tasuta.<br\/>Ostja v\u00f5ib p\u00f6\u00f6rduda Euroopa Liidu tarbijavaidlusi lahendava platvormi poole.<br\/><\/p>\n<\/div><\/div>\n","protected":false},"excerpt":{"rendered":"<p>Veebipoe Yourshelf.eu (edaspidi Veebipood) omanik on Lennarti O\u00dc (registrikood 12133539), Asukohaga Kallaste keskus 6, Tabasalu Harku vald, Harjumaa 76901. M\u00fc\u00fcgilepingu [&hellip;]<\/p>\n","protected":false},"author":373,"featured_media":0,"parent":0,"menu_order":0,"comment_status":"closed","ping_status":"closed","template":"","meta":{"_uag_custom_page_level_css":"","site-sidebar-layout":"default","site-content-layout":"","ast-site-content-layout":"default","site-content-style":"default","site-sidebar-style":"default","ast-global-header-display":"","ast-banner-title-visibility":"","ast-main-header-display":"","ast-hfb-above-header-display":"","ast-hfb-below-header-display":"","ast-hfb-mobile-header-display":"","site-post-title":"","ast-breadcrumbs-content":"","ast-featured-img":"","footer-sml-layout":"","theme-transparent-header-meta":"","adv-header-id-meta":"","stick-header-meta":"","header-above-stick-meta":"","header-main-stick-meta":"","header-below-stick-meta":"","astra-migrate-meta-layouts":"default","ast-page-background-enabled":"default","ast-page-background-meta":{"desktop":{"background-color":"var(--ast-global-color-4)","background-image":"","background-repeat":"repeat","background-position":"center center","background-size":"auto","background-attachment":"scroll","background-type":"","background-media":"","overlay-type":"","overlay-color":"","overlay-opacity":"","overlay-gradient":""},"tablet":{"background-color":"","background-image":"","background-repeat":"repeat","background-position":"center center","background-size":"auto","background-attachment":"scroll","background-type":"","background-media":"","overlay-type":"","overlay-color":"","overlay-opacity":"","overlay-gradient":""},"mobile":{"background-color":"","background-image":"","background-repeat":"repeat","background-position":"center center","background-size":"auto","background-attachment":"scroll","background-type":"","background-media":"","overlay-type":"","overlay-color":"","overlay-opacity":"","overlay-gradient":""}},"ast-content-background-meta":{"desktop":{"background-color":"var(--ast-global-color-5)","background-image":"","background-repeat":"repeat","background-position":"center center","background-size":"auto","background-attachment":"scroll","background-type":"","background-media":"","overlay-type":"","overlay-color":"","overlay-opacity":"","overlay-gradient":""},"tablet":{"background-color":"var(--ast-global-color-5)","background-image":"","background-repeat":"repeat","background-position":"center center","background-size":"auto","background-attachment":"scroll","background-type":"","background-media":"","overlay-type":"","overlay-color":"","overlay-opacity":"","overlay-gradient":""},"mobile":{"background-color":"var(--ast-global-color-5)","background-image":"","background-repeat":"repeat","background-position":"center center","background-size":"auto","background-attachment":"scroll","background-type":"","background-media":"","overlay-type":"","overlay-color":"","overlay-opacity":"","overlay-gradient":""}},"footnotes":""},"class_list":["post-4143","page","type-page","status-publish","hentry"],"uagb_featured_image_src":{"full":false,"thumbnail":false,"medium":false,"medium_large":false,"large":false,"1536x1536":false,"2048x2048":false,"woocommerce_thumbnail":false,"woocommerce_single":false,"woocommerce_gallery_thumbnail":false},"uagb_author_info":{"display_name":"Mario Vilbiks","author_link":"https:\/\/www.yourshelf.eu\/et\/author\/mariovilbiks\/"},"uagb_comment_info":0,"uagb_excerpt":"Veebipoe Yourshelf.eu (edaspidi Veebipood) omanik on Lennarti O\u00dc (registrikood 12133539), Asukohaga Kallaste keskus 6, Tabasalu Harku vald, Harjumaa 76901. M\u00fc\u00fcgilepingu [&hellip;]","_links":{"self":[{"href":"https:\/\/www.yourshelf.eu\/et\/wp-json\/wp\/v2\/pages\/4143","targetHints":{"allow":["GET"]}}],"collection":[{"href":"https:\/\/www.yourshelf.eu\/et\/wp-json\/wp\/v2\/pages"}],"about":[{"href":"https:\/\/www.yourshelf.eu\/et\/wp-json\/wp\/v2\/types\/page"}],"author":[{"embeddable":true,"href":"https:\/\/www.yourshelf.eu\/et\/wp-json\/wp\/v2\/users\/373"}],"replies":[{"embeddable":true,"href":"https:\/\/www.yourshelf.eu\/et\/wp-json\/wp\/v2\/comments?post=4143"}],"version-history":[{"count":3,"href":"https:\/\/www.yourshelf.eu\/et\/wp-json\/wp\/v2\/pages\/4143\/revisions"}],"predecessor-version":[{"id":4146,"href":"https:\/\/www.yourshelf.eu\/et\/wp-json\/wp\/v2\/pages\/4143\/revisions\/4146"}],"wp:attachment":[{"href":"https:\/\/www.yourshelf.eu\/et\/wp-json\/wp\/v2\/media?parent=4143"}],"curies":[{"name":"wp","href":"https:\/\/api.w.org\/{rel}","templated":true}]}}