{"id":3836,"date":"2024-04-17T14:17:19","date_gmt":"2024-04-17T11:17:19","guid":{"rendered":"https:\/\/yourshelf.eu\/?page_id=3836"},"modified":"2024-04-17T14:23:26","modified_gmt":"2024-04-17T11:23:26","slug":"garantii","status":"publish","type":"page","link":"https:\/\/www.yourshelf.eu\/et\/garantii\/","title":{"rendered":"Garantii"},"content":{"rendered":"\n<p style=\"padding-top:var(--wp--preset--spacing--20);padding-right:var(--wp--preset--spacing--40);padding-bottom:var(--wp--preset--spacing--20);padding-left:var(--wp--preset--spacing--40)\"><strong>Meie anname Lennarti riiulitele TOOTJA GARANTII &nbsp;10 AASTAT sest<\/strong>:<\/p>\n\n\n\n<ol class=\"wp-block-list\">\n<li>riiulid on t\u00e4ispuidust, mis erinevalt pressplaatidest kestab aastak\u00fcmneid<\/li>\n\n\n\n<li>riiulitasapinnad on tugevast 20mm monoliitpuidust ja toestatud iga 44cm tagant \u2013 taluvad 50kg iga riiuli kohta<\/li>\n\n\n\n<li>loodusliku \u00f5liga viimistletud t\u00e4ispuitu on m\u00f6\u00f6bli tegemisel kasutatud aastasadasid ja see kestab!<\/li>\n<\/ol>\n\n\n\n<ul class=\"wp-block-list\">\n<li>Garantiit\u00e4htaeg hakkab kulgema Toote Ostjale \u00fcleandmise p\u00e4evale j\u00e4rgnevast p\u00e4evast. <\/li>\n\n\n\n<li>Garantii kehtib tingimusel, et Toote paigaldamisel on j\u00e4lgitud kokkupanekujuhendit, toodet on kasutatud sihtotstarbeliselt ja hooldatud vastavalt hooldusjuhendile.<\/li>\n<\/ul>\n\n\n\n<div class=\"wp-block-uagb-container uagb-block-199476b7 alignfull uagb-is-root-container\"><div class=\"uagb-container-inner-blocks-wrap\">\n<p style=\"padding-top:var(--wp--preset--spacing--20);padding-right:var(--wp--preset--spacing--40);padding-bottom:var(--wp--preset--spacing--20);padding-left:var(--wp--preset--spacing--40)\"><strong>Mis juhtudel garantii ei kehti?<\/strong><\/p>\n\n\n\n<ul class=\"wp-block-list\">\n<li>Garantii ei laiene Toote loomulikule kulumisele, samuti puidu mustri ja v\u00e4rvitooni muutumisele ajas, n\u00e4iteks pleekimisele.<\/li>\n\n\n\n<li>Kui toodet on garantiiaja jooksul ostja poolt remonditud v\u00f5i muudetud.<\/li>\n\n\n\n<li>Kui toote vigastused on tekkinud selle oskamatu k\u00e4sitlemise, hoidmise v\u00f5i transportimise tagaj\u00e4rjel.<\/li>\n<\/ul>\n<\/div><\/div>\n","protected":false},"excerpt":{"rendered":"<p>Meie anname Lennarti riiulitele TOOTJA GARANTII &nbsp;10 AASTAT sest: Mis juhtudel garantii ei kehti?<\/p>\n","protected":false},"author":373,"featured_media":0,"parent":0,"menu_order":0,"comment_status":"closed","ping_status":"closed","template":"","meta":{"_uag_custom_page_level_css":"","site-sidebar-layout":"default","site-content-layout":"","ast-site-content-layout":"default","site-content-style":"default","site-sidebar-style":"default","ast-global-header-display":"","ast-banner-title-visibility":"","ast-main-header-display":"","ast-hfb-above-header-display":"","ast-hfb-below-header-display":"","ast-hfb-mobile-header-display":"","site-post-title":"","ast-breadcrumbs-content":"","ast-featured-img":"","footer-sml-layout":"","theme-transparent-header-meta":"","adv-header-id-meta":"","stick-header-meta":"","header-above-stick-meta":"","header-main-stick-meta":"","header-below-stick-meta":"","astra-migrate-meta-layouts":"default","ast-page-background-enabled":"default","ast-page-background-meta":{"desktop":{"background-color":"var(--ast-global-color-4)","background-image":"","background-repeat":"repeat","background-position":"center center","background-size":"auto","background-attachment":"scroll","background-type":"","background-media":"","overlay-type":"","overlay-color":"","overlay-opacity":"","overlay-gradient":""},"tablet":{"background-color":"","background-image":"","background-repeat":"repeat","background-position":"center center","background-size":"auto","background-attachment":"scroll","background-type":"","background-media":"","overlay-type":"","overlay-color":"","overlay-opacity":"","overlay-gradient":""},"mobile":{"background-color":"","background-image":"","background-repeat":"repeat","background-position":"center center","background-size":"auto","background-attachment":"scroll","background-type":"","background-media":"","overlay-type":"","overlay-color":"","overlay-opacity":"","overlay-gradient":""}},"ast-content-background-meta":{"desktop":{"background-color":"var(--ast-global-color-5)","background-image":"","background-repeat":"repeat","background-position":"center center","background-size":"auto","background-attachment":"scroll","background-type":"","background-media":"","overlay-type":"","overlay-color":"","overlay-opacity":"","overlay-gradient":""},"tablet":{"background-color":"var(--ast-global-color-5)","background-image":"","background-repeat":"repeat","background-position":"center center","background-size":"auto","background-attachment":"scroll","background-type":"","background-media":"","overlay-type":"","overlay-color":"","overlay-opacity":"","overlay-gradient":""},"mobile":{"background-color":"var(--ast-global-color-5)","background-image":"","background-repeat":"repeat","background-position":"center center","background-size":"auto","background-attachment":"scroll","background-type":"","background-media":"","overlay-type":"","overlay-color":"","overlay-opacity":"","overlay-gradient":""}},"footnotes":""},"class_list":["post-3836","page","type-page","status-publish","hentry"],"uagb_featured_image_src":{"full":false,"thumbnail":false,"medium":false,"medium_large":false,"large":false,"1536x1536":false,"2048x2048":false,"woocommerce_thumbnail":false,"woocommerce_single":false,"woocommerce_gallery_thumbnail":false},"uagb_author_info":{"display_name":"Mario Vilbiks","author_link":"https:\/\/www.yourshelf.eu\/et\/author\/mariovilbiks\/"},"uagb_comment_info":0,"uagb_excerpt":"Meie anname Lennarti riiulitele TOOTJA GARANTII &nbsp;10 AASTAT sest: Mis juhtudel garantii ei kehti?","_links":{"self":[{"href":"https:\/\/www.yourshelf.eu\/et\/wp-json\/wp\/v2\/pages\/3836","targetHints":{"allow":["GET"]}}],"collection":[{"href":"https:\/\/www.yourshelf.eu\/et\/wp-json\/wp\/v2\/pages"}],"about":[{"href":"https:\/\/www.yourshelf.eu\/et\/wp-json\/wp\/v2\/types\/page"}],"author":[{"embeddable":true,"href":"https:\/\/www.yourshelf.eu\/et\/wp-json\/wp\/v2\/users\/373"}],"replies":[{"embeddable":true,"href":"https:\/\/www.yourshelf.eu\/et\/wp-json\/wp\/v2\/comments?post=3836"}],"version-history":[{"count":3,"href":"https:\/\/www.yourshelf.eu\/et\/wp-json\/wp\/v2\/pages\/3836\/revisions"}],"predecessor-version":[{"id":3841,"href":"https:\/\/www.yourshelf.eu\/et\/wp-json\/wp\/v2\/pages\/3836\/revisions\/3841"}],"wp:attachment":[{"href":"https:\/\/www.yourshelf.eu\/et\/wp-json\/wp\/v2\/media?parent=3836"}],"curies":[{"name":"wp","href":"https:\/\/api.w.org\/{rel}","templated":true}]}}