{"id":3828,"date":"2024-04-17T14:05:58","date_gmt":"2024-04-17T11:05:58","guid":{"rendered":"https:\/\/yourshelf.eu\/?page_id=3828"},"modified":"2024-04-29T16:45:21","modified_gmt":"2024-04-29T13:45:21","slug":"tellimine-2","status":"publish","type":"page","link":"https:\/\/www.yourshelf.eu\/et\/tellimine-2\/","title":{"rendered":"Kuidas tellida?"},"content":{"rendered":"\n<p>Tellimiseks vali riiul meie&nbsp;<a href=\"https:\/\/yourshelf.eu\/et\/shop\/\">e-poest<\/a><\/p>\n\n\n\n<div class=\"wp-block-uagb-container uagb-block-0aa74271 alignfull uagb-is-root-container\"><div class=\"uagb-container-inner-blocks-wrap\">\n<p>Kui Sa ei leia e-poest omale sobivat riiulit, saada meile oma soovid, m\u00f5\u00f5dud, v\u00e4rv ja muud teave.<br>Kujundame Sulle tasuta erim\u00f5\u00f5tudega riiuli. Vajadusel tuleme kohale ja m\u00f5\u00f5dame riiuli asukoha t\u00e4pselt \u00fcle.<\/p>\n\n\n\n<p>Et saaksid ISE LUUA OMALE SOBIVA RIIULI tegime&nbsp;<a href=\"https:\/\/yourshelf.eu\/et\/kujunda-oma-riiul-2\/\">Riiuli Looja \u2013 katseta ja m\u00e4ngi siin<\/a><\/p>\n\n\n\n<p>Galerii lehelt leiad meie\u00a0<a href=\"https:\/\/yourshelf.eu\/et\/galerii\/\">tehtud t\u00f6\u00f6de pilte<\/a>. Siit saad inspireerivaid m\u00f5tteid.<\/p>\n\n\n\n<p>Viimistluseks kasutame toonitud v\u00f5i toonimata puidu\u00f5li. Toonivalik on pea piiramatu.<\/p>\n\n\n\n<p>Lennarti riiulid on valmistatud m\u00e4nnipuidust.  Tegelik puit ei pruugi j\u00e4\u00e4da t\u00e4pselt selline nagu arvutiekraanil n\u00e4ed. K\u00fcsi meilt tooni n\u00e4idist puidul!<br>Arvesta ka, et toonitud \u00f5li ei kata puitu vaid imbub sisse, \u00f5litades j\u00e4\u00e4vad tumedad toonid veidi heledamad kui v\u00e4rvikaardil.<\/p>\n\n\n\n<p>Riiuli saab k\u00e4tte meie laost Tabasalus, Kallaste keskus 6.<br>Toimetamine kliendi asukohta kulleriga keskmise riiuli korral maksab 25\u20ac.<\/p>\n\n\n\n<p>Lennarti raamaturiiulit on lihtne kokku panna, aga v\u00f5id paigalduse tellida ka meilt 50\u20ac \/tund (sisaldab kohaletoomist, kokkupanekut, ning paigaldust Tallinnas ja Harku vallas).<\/p>\n\n\n\n<p>Riiulite&nbsp;<a href=\"https:\/\/yourshelf.eu\/et\/shop\/\">e-pood asub siin<\/a><br>Valmisriiulite m\u00f5\u00f5te saab otse tootelehelt Riiuli Looja abil muuta.<\/p>\n<\/div><\/div>\n","protected":false},"excerpt":{"rendered":"<p>Tellimiseks vali riiul meie&nbsp;e-poest Kui Sa ei leia e-poest omale sobivat riiulit, saada meile oma soovid, m\u00f5\u00f5dud, v\u00e4rv ja muud [&hellip;]<\/p>\n","protected":false},"author":373,"featured_media":0,"parent":0,"menu_order":0,"comment_status":"closed","ping_status":"closed","template":"","meta":{"_uag_custom_page_level_css":"","site-sidebar-layout":"default","site-content-layout":"","ast-site-content-layout":"default","site-content-style":"default","site-sidebar-style":"default","ast-global-header-display":"","ast-banner-title-visibility":"","ast-main-header-display":"","ast-hfb-above-header-display":"","ast-hfb-below-header-display":"","ast-hfb-mobile-header-display":"","site-post-title":"","ast-breadcrumbs-content":"","ast-featured-img":"","footer-sml-layout":"","theme-transparent-header-meta":"","adv-header-id-meta":"","stick-header-meta":"","header-above-stick-meta":"","header-main-stick-meta":"","header-below-stick-meta":"","astra-migrate-meta-layouts":"default","ast-page-background-enabled":"default","ast-page-background-meta":{"desktop":{"background-color":"var(--ast-global-color-4)","background-image":"","background-repeat":"repeat","background-position":"center center","background-size":"auto","background-attachment":"scroll","background-type":"","background-media":"","overlay-type":"","overlay-color":"","overlay-opacity":"","overlay-gradient":""},"tablet":{"background-color":"","background-image":"","background-repeat":"repeat","background-position":"center center","background-size":"auto","background-attachment":"scroll","background-type":"","background-media":"","overlay-type":"","overlay-color":"","overlay-opacity":"","overlay-gradient":""},"mobile":{"background-color":"","background-image":"","background-repeat":"repeat","background-position":"center center","background-size":"auto","background-attachment":"scroll","background-type":"","background-media":"","overlay-type":"","overlay-color":"","overlay-opacity":"","overlay-gradient":""}},"ast-content-background-meta":{"desktop":{"background-color":"var(--ast-global-color-5)","background-image":"","background-repeat":"repeat","background-position":"center center","background-size":"auto","background-attachment":"scroll","background-type":"","background-media":"","overlay-type":"","overlay-color":"","overlay-opacity":"","overlay-gradient":""},"tablet":{"background-color":"var(--ast-global-color-5)","background-image":"","background-repeat":"repeat","background-position":"center center","background-size":"auto","background-attachment":"scroll","background-type":"","background-media":"","overlay-type":"","overlay-color":"","overlay-opacity":"","overlay-gradient":""},"mobile":{"background-color":"var(--ast-global-color-5)","background-image":"","background-repeat":"repeat","background-position":"center center","background-size":"auto","background-attachment":"scroll","background-type":"","background-media":"","overlay-type":"","overlay-color":"","overlay-opacity":"","overlay-gradient":""}},"footnotes":""},"class_list":["post-3828","page","type-page","status-publish","hentry"],"uagb_featured_image_src":{"full":false,"thumbnail":false,"medium":false,"medium_large":false,"large":false,"1536x1536":false,"2048x2048":false,"woocommerce_thumbnail":false,"woocommerce_single":false,"woocommerce_gallery_thumbnail":false},"uagb_author_info":{"display_name":"Mario Vilbiks","author_link":"https:\/\/www.yourshelf.eu\/et\/author\/mariovilbiks\/"},"uagb_comment_info":0,"uagb_excerpt":"Tellimiseks vali riiul meie&nbsp;e-poest Kui Sa ei leia e-poest omale sobivat riiulit, saada meile oma soovid, m\u00f5\u00f5dud, v\u00e4rv ja muud [&hellip;]","_links":{"self":[{"href":"https:\/\/www.yourshelf.eu\/et\/wp-json\/wp\/v2\/pages\/3828","targetHints":{"allow":["GET"]}}],"collection":[{"href":"https:\/\/www.yourshelf.eu\/et\/wp-json\/wp\/v2\/pages"}],"about":[{"href":"https:\/\/www.yourshelf.eu\/et\/wp-json\/wp\/v2\/types\/page"}],"author":[{"embeddable":true,"href":"https:\/\/www.yourshelf.eu\/et\/wp-json\/wp\/v2\/users\/373"}],"replies":[{"embeddable":true,"href":"https:\/\/www.yourshelf.eu\/et\/wp-json\/wp\/v2\/comments?post=3828"}],"version-history":[{"count":5,"href":"https:\/\/www.yourshelf.eu\/et\/wp-json\/wp\/v2\/pages\/3828\/revisions"}],"predecessor-version":[{"id":4049,"href":"https:\/\/www.yourshelf.eu\/et\/wp-json\/wp\/v2\/pages\/3828\/revisions\/4049"}],"wp:attachment":[{"href":"https:\/\/www.yourshelf.eu\/et\/wp-json\/wp\/v2\/media?parent=3828"}],"curies":[{"name":"wp","href":"https:\/\/api.w.org\/{rel}","templated":true}]}}