{"id":3790,"date":"2024-04-16T16:42:28","date_gmt":"2024-04-16T13:42:28","guid":{"rendered":"https:\/\/yourshelf.eu\/?page_id=3790"},"modified":"2024-04-30T16:14:08","modified_gmt":"2024-04-30T13:14:08","slug":"privaatsuspoliitika","status":"publish","type":"page","link":"https:\/\/www.yourshelf.eu\/et\/privaatsuspoliitika\/","title":{"rendered":"Privaatsuspoliitika"},"content":{"rendered":"\n<div class=\"wp-block-uagb-container uagb-block-16f16b09 alignfull uagb-is-root-container\"><div class=\"uagb-container-inner-blocks-wrap\">\n<p>Veebipoe Yourshelf.eu isikuandmete vastutav t\u00f6\u00f6tleja<em><strong> <\/strong><\/em>on  Lennarti O\u00dc (registrikood<em> <\/em>12133539) asukohaga Kallaste tn 6, Tabasalu Harku vald, Harjumaa 76901; <br>telefon <a href=\"Tel:+3725044000\">+372 50 44000<\/a>, e-post <a href=\"mailto:riiul@lennart.ee\">riiul@lennart.ee<\/a>.<\/p>\n\n\n\n<p><strong>Milliseid isikuandmeid t\u00f6\u00f6deldakse<\/strong><br><strong><em><br><\/em><\/strong>\u2212 nimi, telefoninumber ja e-posti aadress;<br>\u2212 kauba kohaletoimetamise aadress;<br>\u2212 pangakonto number;<br>\u2212 kaupade ja teenuste maksumus ja maksetega seotud andmed (ostuajalugu);<br>\u2212 klienditoe andmed.<\/p>\n\n\n\n<p><strong>Mis eesm\u00e4rgil isikuandmeid t\u00f6\u00f6deldakse<\/strong><br><br>Isikuandmeid kasutatakse kliendi tellimuste haldamiseks ja kauba kohaletoimetamiseks.<br><br>Ostuajaloo andmeid (ostu kuup\u00e4ev, kaup, kogus, kliendi andmed) kasutatakse ostetud kaupade ja teenuste \u00fclevaate koostamiseks, kliendieelistuste anal\u00fc\u00fcsimiseks ning mh tarbijavaidluste lahendamise eesm\u00e4rgil.<br><br>Pangakonto numbrit kasutatakse kliendile maksete tagastamiseks.<br><br>Isikuandmeid nagu e-post, telefoni nr, kliendi nimi, t\u00f6\u00f6deldakse selleks, et lahendada kaupade ja teenuste osutamise seonduvaid k\u00fcsimusi (klienditugi). E-posti kasutatakse lisaks arvete saatmiseks ning telefoni nr kasutatakse tarne teavitamiseks.<br><br>Veebipoe kasutaja IP-aadressi v\u00f5i teisi v\u00f5rguidentifikaatoreid t\u00f6\u00f6deldakse veebipoe kui info\u00fchiskonna teenuse osutamiseks ning veebikasutusstatistika tegemiseks.<\/p>\n\n\n\n<p><strong>\u00d5iguslik alus<\/strong><br><br>Isikuandmete t\u00f6\u00f6tlemine toimub kliendiga s\u00f5lmitud lepingu t\u00e4itmise eesm\u00e4rgil (kliendi tellimuste haldamine, kohaletoimetamine, kauba ja maksete tagastamine).<br>Isikuandmete t\u00f6\u00f6tlemine toimub seadusj\u00e4rgse kohustuse t\u00e4itmiseks (nt raamatupidamine).<br>Isikuandmete t\u00f6\u00f6tlemine on vajalik vastutava t\u00f6\u00f6tleja \u00f5igustatud huvi t\u00f5ttu, mis seisneb v\u00f5imalike tarbijavaidluste lahendamise eesm\u00e4rgil ostuajaloo andmete kogumises.<br>Andmet\u00f6\u00f6tlus toimub kliendi n\u00f5usolekul j\u00e4rgmiste tegevuste t\u00e4itmiseks: otseturustus.<br><\/p>\n\n\n\n<p><strong>Vastuv\u00f5tjad, kellele isikuandmed edastatakse<\/strong><br><br>Nimi, telefoninumber, e-posti aadress ja tarneaadress edastatakse kliendi poolt valitud transporditeenuse pakkujale. <\/p>\n\n\n\n<p><strong>Turvalisus ja andmetele ligip\u00e4\u00e4s<\/strong><br><br>Isikuandmeid hoitakse serverites, mis asuvad Euroopa Liidu liikmesriigi v\u00f5i Euroopa Liidu majanduspiirkonnaga liitunud riikide territooriumil. Andmeid v\u00f5idakse edastada riikidesse, mille andmekaitse taset on Euroopa Komisjon hinnanud piisavaks v\u00f5i kolmanda riigi ettev\u00f5ttele, mille osas on kohaldatud isikuandmete kaitse \u00fcldm\u00e4\u00e4ruse artiklis 46 v\u00f5i 47 v\u00f5i 49 l\u00f5ikes 1 nimetatud kaitsemeedet.<br><br>Juurdep\u00e4\u00e4s isikuandmetele on veebipoe t\u00f6\u00f6tajatel, kes saavad isikuandmetega tutvuda selleks, et lahendada veebipoe kasutamisega seonduvaid tehnilisi k\u00fcsimusi ning osutada klienditoe teenust.<br><br>Veebipood rakendab asjakohaseid f\u00fc\u00fcsilisi, organisatsioonilisi ja infotehnilisi turvameetmeid, et kaitsta isikuandmeid juhusliku v\u00f5i ebaseadusliku h\u00e4vitamise, kaotsimineku, muutmise v\u00f5i loata juurdep\u00e4\u00e4su ja avalikustamise eest. <br><br>Isikuandmete edastamine veebipoe volitatud t\u00f6\u00f6tlejatest vastuv\u00f5tjatele (nt transporditeenuse  pakkuja ja andmemajutus) toimub veebipoe ja volitatud t\u00f6\u00f6tlejatega s\u00f5lmitud lepingute alusel.<br><br>Volitatud t\u00f6\u00f6tlejaid on kohustatud tagama isikuandmete t\u00f6\u00f6tlemisel asjakohased kaitsemeetmed koosk\u00f5las isikuandmete kaitse \u00fcldm\u00e4\u00e4ruse artikliga 28.<\/p>\n\n\n\n<p><strong>Isikuandmetega tutvumine ja parandamine<\/strong><br><br>Isikuandmetega saab tutvuda ja teha parandusi veebipoe kasutajaprofiilis v\u00f5i klienditoe vahendusel. <br><br>Kui ost on sooritatud ilma kasutajakontota, siis saab tutvuda isikuandmetega klinditoe vahendusel. <br><br>Kui isikuandetega tutvumise taotlus on esitatud elektrooniliselt, esitatakse ka teave \u00fcldkasutatavate elektrooniliste vahendite kaudu.<\/p>\n\n\n\n<p><strong>N\u00f5usoleku tagasiv\u00f5tmine<\/strong><br><br>Kui isikundmete t\u00f6\u00f6tlemine toimub kliendi n\u00f5usoleku alusel, siis on kliendil \u00f5igus n\u00f5usolek tagasi v\u00f5tta kliendikonto seadete all v\u00f5i teavitades sellest kliendituge e-posti teel.<\/p>\n\n\n\n<p><strong>S\u00e4ilitamine<\/strong><br><br>Veebipoe kliendikonto sulgemisel kustutatakse isikuandmed, va isikuandmed (ostuajaloo andmed), mida on vaja s\u00e4ilitada raamatupidamise jaoks v\u00f5i tarbijavaidluste lahendamiseks.<br>Maksetega ja tarbijavaidlustega seotud vaidluste korral s\u00e4ilitatakse isikuandmed kuni n\u00f5ude t\u00e4itmiseni v\u00f5i aegumist\u00e4htaja l\u00f5puni.<br>Raamatupidamise algdokumentides sisalduvaid isikuandmeid s\u00e4ilitatakse seitse aastat.<\/p>\n\n\n\n<p><strong>Piiramine<\/strong><br><br>Kliendil on \u00f5igus taotleda oma isikuandmete t\u00f6\u00f6tlemise piiramist, kui andmed on eba\u00f5iged v\u00f5i pole t\u00e4ielikud v\u00f5i kui tema isikuandmeid t\u00f6\u00f6deldakse ebaseaduslikult.<\/p>\n\n\n\n<p><strong>Vastuv\u00e4ited<\/strong><br><br>Kliendil on \u00f5igus esitada vastuv\u00e4iteid seoses tema isikuandmete t\u00f6\u00f6tlemisega, kui tal on alust arvata, et tema isikuandmete t\u00f6\u00f6tlemiseks puudub seaduslik alus.<\/p>\n\n\n\n<p><strong>Kustutamine<\/strong><br><br>Isikuandmete kustutamiseks tuleb v\u00f5tta \u00fchendust klienditoega e-posti teel. Kustutamistaotlusele vastatakse mitte hiljem kui kuu aja jooksul ning t\u00e4psustakse andmete kustutamise perioodi.<br>Vastuses taotlusele tuuakse ka v\u00e4lja need isikuandmed, mida ei kustuta ning millisel \u00f5iguslikul alusel ja p\u00f5hjusel.<\/p>\n\n\n\n<p><strong>Otseturustusteated<\/strong><br><br>E-kirja aadressi ja telefoninumbrit kasutatakse otseturundusteadete saatmiseks, kui klient on andnud vastava n\u00f5usoleku. Kui klient ei soovi saada otseturustusteateid, siis tuleb valida e-kirja jaluses vastav viide v\u00f5i v\u00f5tta \u00fchendust klienditoega.<\/p>\n\n\n\n<p><strong>Vaidluste lahendamine<\/strong><br><br>Isikuandmete t\u00f6\u00f6tlemisega seotud vaidluste lahendamine toimub e-kirja teel <a href=\"mailto:riiul@lennart.ee\">riiul@lennart.ee<\/a>.<\/p>\n\n\n\n<p>J\u00e4relevalveasutus on Eesti Andmekaitse Inspektsioon (info@aki.ee)<\/p>\n<\/div><\/div>\n","protected":false},"excerpt":{"rendered":"<p>Veebipoe Yourshelf.eu isikuandmete vastutav t\u00f6\u00f6tleja on Lennarti O\u00dc (registrikood 12133539) asukohaga Kallaste tn 6, Tabasalu Harku vald, Harjumaa 76901; telefon [&hellip;]<\/p>\n","protected":false},"author":373,"featured_media":0,"parent":0,"menu_order":0,"comment_status":"closed","ping_status":"closed","template":"","meta":{"_uag_custom_page_level_css":"","site-sidebar-layout":"default","site-content-layout":"","ast-site-content-layout":"default","site-content-style":"default","site-sidebar-style":"default","ast-global-header-display":"","ast-banner-title-visibility":"","ast-main-header-display":"","ast-hfb-above-header-display":"","ast-hfb-below-header-display":"","ast-hfb-mobile-header-display":"","site-post-title":"","ast-breadcrumbs-content":"","ast-featured-img":"","footer-sml-layout":"","theme-transparent-header-meta":"","adv-header-id-meta":"","stick-header-meta":"","header-above-stick-meta":"","header-main-stick-meta":"","header-below-stick-meta":"","astra-migrate-meta-layouts":"default","ast-page-background-enabled":"default","ast-page-background-meta":{"desktop":{"background-color":"var(--ast-global-color-4)","background-image":"","background-repeat":"repeat","background-position":"center center","background-size":"auto","background-attachment":"scroll","background-type":"","background-media":"","overlay-type":"","overlay-color":"","overlay-opacity":"","overlay-gradient":""},"tablet":{"background-color":"","background-image":"","background-repeat":"repeat","background-position":"center center","background-size":"auto","background-attachment":"scroll","background-type":"","background-media":"","overlay-type":"","overlay-color":"","overlay-opacity":"","overlay-gradient":""},"mobile":{"background-color":"","background-image":"","background-repeat":"repeat","background-position":"center center","background-size":"auto","background-attachment":"scroll","background-type":"","background-media":"","overlay-type":"","overlay-color":"","overlay-opacity":"","overlay-gradient":""}},"ast-content-background-meta":{"desktop":{"background-color":"var(--ast-global-color-5)","background-image":"","background-repeat":"repeat","background-position":"center center","background-size":"auto","background-attachment":"scroll","background-type":"","background-media":"","overlay-type":"","overlay-color":"","overlay-opacity":"","overlay-gradient":""},"tablet":{"background-color":"var(--ast-global-color-5)","background-image":"","background-repeat":"repeat","background-position":"center center","background-size":"auto","background-attachment":"scroll","background-type":"","background-media":"","overlay-type":"","overlay-color":"","overlay-opacity":"","overlay-gradient":""},"mobile":{"background-color":"var(--ast-global-color-5)","background-image":"","background-repeat":"repeat","background-position":"center center","background-size":"auto","background-attachment":"scroll","background-type":"","background-media":"","overlay-type":"","overlay-color":"","overlay-opacity":"","overlay-gradient":""}},"footnotes":""},"class_list":["post-3790","page","type-page","status-publish","hentry"],"uagb_featured_image_src":{"full":false,"thumbnail":false,"medium":false,"medium_large":false,"large":false,"1536x1536":false,"2048x2048":false,"woocommerce_thumbnail":false,"woocommerce_single":false,"woocommerce_gallery_thumbnail":false},"uagb_author_info":{"display_name":"Mario Vilbiks","author_link":"https:\/\/www.yourshelf.eu\/et\/author\/mariovilbiks\/"},"uagb_comment_info":0,"uagb_excerpt":"Veebipoe Yourshelf.eu isikuandmete vastutav t\u00f6\u00f6tleja on Lennarti O\u00dc (registrikood 12133539) asukohaga Kallaste tn 6, Tabasalu Harku vald, Harjumaa 76901; telefon [&hellip;]","_links":{"self":[{"href":"https:\/\/www.yourshelf.eu\/et\/wp-json\/wp\/v2\/pages\/3790","targetHints":{"allow":["GET"]}}],"collection":[{"href":"https:\/\/www.yourshelf.eu\/et\/wp-json\/wp\/v2\/pages"}],"about":[{"href":"https:\/\/www.yourshelf.eu\/et\/wp-json\/wp\/v2\/types\/page"}],"author":[{"embeddable":true,"href":"https:\/\/www.yourshelf.eu\/et\/wp-json\/wp\/v2\/users\/373"}],"replies":[{"embeddable":true,"href":"https:\/\/www.yourshelf.eu\/et\/wp-json\/wp\/v2\/comments?post=3790"}],"version-history":[{"count":3,"href":"https:\/\/www.yourshelf.eu\/et\/wp-json\/wp\/v2\/pages\/3790\/revisions"}],"predecessor-version":[{"id":4062,"href":"https:\/\/www.yourshelf.eu\/et\/wp-json\/wp\/v2\/pages\/3790\/revisions\/4062"}],"wp:attachment":[{"href":"https:\/\/www.yourshelf.eu\/et\/wp-json\/wp\/v2\/media?parent=3790"}],"curies":[{"name":"wp","href":"https:\/\/api.w.org\/{rel}","templated":true}]}}