{"id":3062,"date":"2024-03-28T16:47:01","date_gmt":"2024-03-28T13:47:01","guid":{"rendered":"https:\/\/yourshelf.eu\/?page_id=3062"},"modified":"2024-06-02T13:08:55","modified_gmt":"2024-06-02T10:08:55","slug":"lennarti-lugu","status":"publish","type":"page","link":"https:\/\/www.yourshelf.eu\/et\/lennarti-lugu\/","title":{"rendered":"Lennarti lugu"},"content":{"rendered":"\n<div class=\"wp-block-uagb-container uagb-block-dgphmamg alignfull uagb-is-root-container\"><div class=\"uagb-container-inner-blocks-wrap\">\n<div class=\"wp-block-uagb-container uagb-block-7urcjgyy\">\n<div class=\"wp-block-uagb-info-box uagb-block-9pobsqyt uagb-infobox__content-wrap  uagb-infobox-icon-above-title uagb-infobox-image-valign-top wp-block-uagb-info-box--has-margin\"><div class=\"uagb-infobox-margin-wrapper\"><div class=\"uagb-ifb-content\"><div class=\"uagb-ifb-title-wrap\"><h3 class=\"uagb-ifb-title\">Lennarti lugu<\/h3><\/div><p class=\"uagb-ifb-desc\">\u00dchel 1998 aasta&nbsp;p\u00e4eval&nbsp;selgus, et Tiia raamatutel pole enam ruumi olla. Mustam\u00e4e toas polnud j\u00e4lle kapile ruumi &#8211; vaid kitsuke pragu klaveri ja kirjutuslaua vahel.&nbsp;Mulle meenusid latid, mida aasta tagasi olime oran\u017eiks peitsinud firma v\u00e4ljapaneku jaoks telekomi messil. Saledad latid vedelesid niisama laos. Teeks neist riiuli?<br><br>Viadukti tee puidupoest leidsin 145mm laiused lauad. Algul tundusid kitsav\u00f5itu, aga taipasin et raamatud ju polegi laiemad! Seinal kulus v\u00e4he ruumi ka. Kinnituspoldid j\u00e4id n\u00e4htavale, kuid neist kullakarva t\u00e4ppidest saigi riiul \u00fcllatavalt oman\u00e4olise v\u00e4limuse.<br><br>Lahtrite k\u00f5rguse tegin olemasolevate raamatute j\u00e4rgi. Kolm lahtrit j\u00e4tsin kahekordse k\u00f5rgusega &#8211; budale ja kunstiraamatutele. Saag, peitel, puur &#8211; pusimist ikka oli. Tulemus paistab siin pildil &#8211; k\u00f5igi Lennarti raamaturiiulite isa koos \u00f5nneliku omanikuga.<br><br>Aastad l\u00e4ksid, riiul oli suurep\u00e4rane. Vahepeal kolis ta uude kodusse ja sai seal koos toaga t\u00fctre omaks. Nukud kolisid sinna ja Harry Potterid ja igasugu karbikesed ning muu vajalik kraam.<br><br>Sageli vaatasin m\u00f6\u00f6blit\u00fckki&nbsp;ja m\u00f5tlesin, on ikka ilus raamaturiiul, seda peab tootma hakkama. M\u00f5tteks see j\u00e4igi.<br><br>2009 aasta kevadel aga otsustasime poeg Indrekuga koos m\u00f5tte teoks teha. Toota riiuleid. T\u00e4ispuidust. Keskkonnas\u00f5bralikke.<br><br>Nii l\u00e4kski. Selgus et inimesed on v\u00e4ga \u00f5nnelikud just sellise \u00fcli\u00f5hukese raamaturiiuli \u00fcle. Sellist ei leidvat kusagilt mujalt, paljud \u00fctlesid et on taolist juba aastaid otsinud.<br><br>Soovin Sullegi riiulinaudinguid,<br>Mario Vilbiks<\/p><\/div><\/div><\/div>\n<\/div>\n\n\n\n<div class=\"wp-block-uagb-container uagb-block-ukuusvoq\">\n<div class=\"wp-block-group is-layout-constrained wp-block-group-is-layout-constrained\">\n<figure class=\"wp-block-gallery has-nested-images columns-1 is-cropped wp-block-gallery-1 is-layout-flex wp-block-gallery-is-layout-flex\">\n<figure class=\"wp-block-image size-large alignleft is-style-default uag-hide-tab\"><img decoding=\"async\" src=\"https:\/\/yourshelf.eu\/wp-content\/uploads\/2024\/04\/Lennrti-lugu-720x1024.jpg\" alt=\"\"\/><\/figure>\n<\/figure>\n<\/div>\n<\/div>\n<\/div><\/div>\n","protected":false},"excerpt":{"rendered":"","protected":false},"author":373,"featured_media":0,"parent":0,"menu_order":0,"comment_status":"closed","ping_status":"closed","template":"","meta":{"_uag_custom_page_level_css":"","site-sidebar-layout":"default","site-content-layout":"","ast-site-content-layout":"default","site-content-style":"default","site-sidebar-style":"default","ast-global-header-display":"","ast-banner-title-visibility":"","ast-main-header-display":"","ast-hfb-above-header-display":"","ast-hfb-below-header-display":"","ast-hfb-mobile-header-display":"","site-post-title":"disabled","ast-breadcrumbs-content":"","ast-featured-img":"","footer-sml-layout":"","theme-transparent-header-meta":"","adv-header-id-meta":"","stick-header-meta":"","header-above-stick-meta":"","header-main-stick-meta":"","header-below-stick-meta":"","astra-migrate-meta-layouts":"default","ast-page-background-enabled":"default","ast-page-background-meta":{"desktop":{"background-color":"var(--ast-global-color-4)","background-image":"","background-repeat":"repeat","background-position":"center center","background-size":"auto","background-attachment":"scroll","background-type":"","background-media":"","overlay-type":"","overlay-color":"","overlay-opacity":"","overlay-gradient":""},"tablet":{"background-color":"","background-image":"","background-repeat":"repeat","background-position":"center center","background-size":"auto","background-attachment":"scroll","background-type":"","background-media":"","overlay-type":"","overlay-color":"","overlay-opacity":"","overlay-gradient":""},"mobile":{"background-color":"","background-image":"","background-repeat":"repeat","background-position":"center center","background-size":"auto","background-attachment":"scroll","background-type":"","background-media":"","overlay-type":"","overlay-color":"","overlay-opacity":"","overlay-gradient":""}},"ast-content-background-meta":{"desktop":{"background-color":"var(--ast-global-color-5)","background-image":"","background-repeat":"repeat","background-position":"center center","background-size":"auto","background-attachment":"scroll","background-type":"","background-media":"","overlay-type":"","overlay-color":"","overlay-opacity":"","overlay-gradient":""},"tablet":{"background-color":"var(--ast-global-color-5)","background-image":"","background-repeat":"repeat","background-position":"center center","background-size":"auto","background-attachment":"scroll","background-type":"","background-media":"","overlay-type":"","overlay-color":"","overlay-opacity":"","overlay-gradient":""},"mobile":{"background-color":"var(--ast-global-color-5)","background-image":"","background-repeat":"repeat","background-position":"center center","background-size":"auto","background-attachment":"scroll","background-type":"","background-media":"","overlay-type":"","overlay-color":"","overlay-opacity":"","overlay-gradient":""}},"footnotes":""},"class_list":["post-3062","page","type-page","status-publish","hentry"],"uagb_featured_image_src":{"full":false,"thumbnail":false,"medium":false,"medium_large":false,"large":false,"1536x1536":false,"2048x2048":false,"woocommerce_thumbnail":false,"woocommerce_single":false,"woocommerce_gallery_thumbnail":false},"uagb_author_info":{"display_name":"Mario Vilbiks","author_link":"https:\/\/www.yourshelf.eu\/et\/author\/mariovilbiks\/"},"uagb_comment_info":0,"uagb_excerpt":null,"_links":{"self":[{"href":"https:\/\/www.yourshelf.eu\/et\/wp-json\/wp\/v2\/pages\/3062","targetHints":{"allow":["GET"]}}],"collection":[{"href":"https:\/\/www.yourshelf.eu\/et\/wp-json\/wp\/v2\/pages"}],"about":[{"href":"https:\/\/www.yourshelf.eu\/et\/wp-json\/wp\/v2\/types\/page"}],"author":[{"embeddable":true,"href":"https:\/\/www.yourshelf.eu\/et\/wp-json\/wp\/v2\/users\/373"}],"replies":[{"embeddable":true,"href":"https:\/\/www.yourshelf.eu\/et\/wp-json\/wp\/v2\/comments?post=3062"}],"version-history":[{"count":5,"href":"https:\/\/www.yourshelf.eu\/et\/wp-json\/wp\/v2\/pages\/3062\/revisions"}],"predecessor-version":[{"id":4255,"href":"https:\/\/www.yourshelf.eu\/et\/wp-json\/wp\/v2\/pages\/3062\/revisions\/4255"}],"wp:attachment":[{"href":"https:\/\/www.yourshelf.eu\/et\/wp-json\/wp\/v2\/media?parent=3062"}],"curies":[{"name":"wp","href":"https:\/\/api.w.org\/{rel}","templated":true}]}}